{"id":23,"date":"2022-11-20T22:34:56","date_gmt":"2022-11-21T01:34:56","guid":{"rendered":"http:\/\/www.immanuelkant.com.ar\/cp\/?page_id=23"},"modified":"2024-07-16T17:00:03","modified_gmt":"2024-07-16T20:00:03","slug":"docentes-bachillerato-turno-vespertino","status":"publish","type":"page","link":"https:\/\/www.immanuelkant.com.ar\/cp\/docentes-bachillerato-turno-vespertino\/","title":{"rendered":"Docentes Bachillerato turno vespertino"},"content":{"rendered":"<style>.wp-block-kadence-spacer.kt-block-spacer-23_396fd7-4d .kt-block-spacer{height:77px;}.wp-block-kadence-spacer.kt-block-spacer-23_396fd7-4d .kt-divider{border-top-width:1px;height:1px;border-top-color:#eee;width:80%;border-top-style:solid;}<\/style>\n<div class=\"wp-block-kadence-spacer aligncenter kt-block-spacer-23_396fd7-4d\"><div class=\"kt-block-spacer kt-block-spacer-halign-center\"><hr class=\"kt-divider\"\/><\/div><\/div>\n\n\n<style>.kt-tabs-id23_857778-03 > .kt-tabs-content-wrap > .wp-block-kadence-tab{border-top:3px solid #0a6689;border-right:0px solid #0a6689;border-bottom:0px solid #0a6689;border-left:0px solid #0a6689;border-top-left-radius:0px;border-top-right-radius:0px;border-bottom-right-radius:0px;border-bottom-left-radius:0px;padding-top:20px;padding-right:20px;padding-bottom:20px;padding-left:20px;background:#ffffff;}.wp-block-kadence-tabs .kt-tabs-id23_857778-03 > .kt-tabs-title-list li{margin-top:0px;margin-right:8px;margin-bottom:0px;margin-left:0px;}.wp-block-kadence-tabs .kt-tabs-id23_857778-03 > .kt-tabs-title-list li:last-child{margin-right:0px;}.wp-block-kadence-tabs .kt-tabs-id23_857778-03 > .kt-tabs-title-list li .kt-tab-title, .wp-block-kadence-tabs .kt-tabs-id23_857778-03 > .kt-tabs-content-wrap > .kt-tabs-accordion-title .kt-tab-title{line-height:1.4em;font-weight:regular;font-style:normal;border-top-width:0px;border-right-width:0px;border-bottom-width:0px;border-left-width:0px;border-top-left-radius:4px;border-top-right-radius:4px;border-bottom-right-radius:0px;border-bottom-left-radius:0px;padding-top:8px;padding-right:20px;padding-bottom:8px;padding-left:20px;border-color:#eeeeee;color:#222222;background:#eeeeee;}.wp-block-kadence-tabs .kt-tabs-id23_857778-03 > .kt-tabs-content-wrap > .kt-tabs-accordion-title .kt-tab-title{margin-top:0px;margin-right:8px;margin-bottom:0px;margin-left:0px;}.wp-block-kadence-tabs .kt-tabs-id23_857778-03 > .kt-tabs-title-list li .kt-tab-title:hover, .wp-block-kadence-tabs .kt-tabs-id23_857778-03 > .kt-tabs-content-wrap > .kt-tabs-accordion-title .kt-tab-title:hover{border-color:#eeeeee;color:#222222;background:#e2e2e2;}.wp-block-kadence-tabs .kt-tabs-id23_857778-03 > .kt-tabs-title-list li.kt-tab-title-active .kt-tab-title, .wp-block-kadence-tabs .kt-tabs-id23_857778-03 > .kt-tabs-content-wrap > .kt-tabs-accordion-title.kt-tab-title-active .kt-tab-title{border-color:#eeeeee;color:#ffffff;background:#0a6689;}@media all and (max-width: 1024px){.kt-tabs-id23_857778-03 > .kt-tabs-content-wrap > .wp-block-kadence-tab{border-top:3px solid #0a6689;border-right:0px solid #0a6689;border-bottom:0px solid #0a6689;border-left:0px solid #0a6689;}}@media all and (max-width: 767px){.kt-tabs-id23_857778-03 > .kt-tabs-content-wrap > .wp-block-kadence-tab{border-top:3px solid #0a6689;border-right:0px solid #0a6689;border-bottom:0px solid #0a6689;border-left:0px solid #0a6689;}}<\/style>\n<div class=\"wp-block-kadence-tabs alignnone\"><div class=\"kt-tabs-wrap kt-tabs-id23_857778-03 kt-tabs-has-5-tabs kt-active-tab-4 kt-tabs-layout-tabs kt-tabs-tablet-layout-inherit kt-tabs-mobile-layout-inherit kt-tab-alignment-left \"><ul class=\"kt-tabs-title-list\"><li id=\"tab-primerao\" class=\"kt-title-item kt-title-item-1 kt-tabs-svg-show-always kt-tabs-icon-side-right kt-tab-title-inactive\"><a href=\"#tab-primerao\" data-tab=\"1\" class=\"kt-tab-title kt-tab-title-1 \"><span class=\"kt-title-text\">Primer a\u00f1o<\/span><\/a><\/li><li id=\"tab-segundoao\" class=\"kt-title-item kt-title-item-2 kt-tabs-svg-show-always kt-tabs-icon-side-right kt-tab-title-inactive\"><a href=\"#tab-segundoao\" data-tab=\"2\" class=\"kt-tab-title kt-tab-title-2 \"><span class=\"kt-title-text\">Segundo a\u00f1o<\/span><\/a><\/li><li id=\"tab-tercerao\" class=\"kt-title-item kt-title-item-3 kt-tabs-svg-show-always kt-tabs-icon-side-right kt-tab-title-inactive\"><a href=\"#tab-tercerao\" data-tab=\"3\" class=\"kt-tab-title kt-tab-title-3 \"><span class=\"kt-title-text\">Tercer a\u00f1o<\/span><\/a><\/li><li id=\"tab-cuartoao\" class=\"kt-title-item kt-title-item-4 kt-tabs-svg-show-always kt-tabs-icon-side-right kt-tab-title-active\"><a href=\"#tab-cuartoao\" data-tab=\"4\" class=\"kt-tab-title kt-tab-title-4 \"><span class=\"kt-title-text\">Cuarto a\u00f1o<\/span><\/a><\/li><li id=\"tab-quintoao\" class=\"kt-title-item kt-title-item-5 kt-tabs-svg-show-always kt-tabs-icon-side-right kt-tab-title-inactive\"><a href=\"#tab-quintoao\" data-tab=\"5\" class=\"kt-tab-title kt-tab-title-5 \"><span class=\"kt-title-text\">Quinto a\u00f1o<\/span><\/a><\/li><\/ul><div class=\"kt-tabs-content-wrap\">\n<div class=\"wp-block-kadence-tab kt-tab-inner-content kt-inner-tab-1 kt-inner-tab_531d0c-4a\"><div class=\"kt-tab-inner-content-inner\">\n<h3 class=\"wp-block-heading\">Materias: <\/h3>\n\n\n\n<ul class=\"wp-block-list\">\n<li>&#8211;<\/li>\n\n\n\n<li>&#8211;<\/li>\n\n\n\n<li>&#8211;<\/li>\n\n\n\n<li>&#8211;<\/li>\n\n\n\n<li>&#8211;<\/li>\n\n\n\n<li>&#8211;<\/li>\n\n\n\n<li>&#8211;<\/li>\n<\/ul>\n<\/div><\/div>\n\n\n\n<div class=\"wp-block-kadence-tab kt-tab-inner-content kt-inner-tab-2 kt-inner-tab_295252-9f\"><div class=\"kt-tab-inner-content-inner\">\n<blockquote class=\"wp-block-quote is-layout-flow wp-block-quote-is-layout-flow\">\n<p>Segundo A\u00f1o &#8211; Primer Cuatrimestre<\/p>\n<\/blockquote>\n\n\n\n<h3 class=\"wp-block-heading\">Materias: <\/h3>\n\n\n\n<ul class=\"wp-block-list\">\n<li>Idioma extranjero; Ingles<\/li>\n\n\n\n<li>Matem\u00e1tica<\/li>\n\n\n\n<li>Ciencias Sociales (Historia, Geograf\u00eda y Educaci\u00f3n C\u00edvica)<\/li>\n\n\n\n<li>Ciencias Naturales(Biolog\u00eda y elem\u00e9ntos de f\u00edsico-qu\u00edmica)<\/li>\n\n\n\n<li>Lengua<\/li>\n\n\n\n<li>Contabilidad Pr\u00e1ctica<\/li>\n<\/ul>\n<\/div><\/div>\n\n\n\n<div class=\"wp-block-kadence-tab kt-tab-inner-content kt-inner-tab-3 kt-inner-tab_d80047-28\"><div class=\"kt-tab-inner-content-inner\">\n<blockquote class=\"wp-block-quote is-layout-flow wp-block-quote-is-layout-flow\">\n<p>Tercer a\u00f1o &#8211; Segundo Cuatrimestre<\/p>\n<\/blockquote>\n\n\n\n<h3 class=\"wp-block-heading\">Materias: <\/h3>\n\n\n\n<ul class=\"wp-block-list\">\n<li>Lengua<\/li>\n\n\n\n<li>Idioma extranjero: Ingl\u00e9s<\/li>\n\n\n\n<li>Ciencias Sociales (Historia, Geograf\u00eda y Educaci\u00f3n c\u00edvica)<\/li>\n\n\n\n<li>Contabilidad Pr\u00e1ctica<\/li>\n\n\n\n<li>Matem\u00e1tica<\/li>\n\n\n\n<li>Ciencias Naturales (Biolog\u00eda y Elementos de F\u00edsico \u2013 qu\u00edmica)<\/li>\n<\/ul>\n<\/div><\/div>\n\n\n\n<div class=\"wp-block-kadence-tab kt-tab-inner-content kt-inner-tab-4 kt-inner-tab_d5e79a-00\"><div class=\"kt-tab-inner-content-inner\">\n<blockquote class=\"wp-block-quote is-layout-flow wp-block-quote-is-layout-flow\">\n<p>Cuarto A\u00f1o &#8211; Primer Cuatrimestre<\/p>\n<\/blockquote>\n\n\n\n<h3 class=\"wp-block-heading\">Materias: <\/h3>\n\n\n\n<ul class=\"wp-block-list\">\n<li>Lengua<\/li>\n\n\n\n<li>Matematica<\/li>\n\n\n\n<li>Ciencias Sociales (Historia, Geograf\u00eda e Instrucci\u00f3n C\u00edvica)<\/li>\n\n\n\n<li>Psicolog\u00eda<\/li>\n\n\n\n<li>Idioma extranjero: Ingles<\/li>\n\n\n\n<li>F\u00edsica<\/li>\n<\/ul>\n\n\n\n<ul class=\"wp-block-list\">\n<li><\/li>\n<\/ul>\n<\/div><\/div>\n\n\n\n<div class=\"wp-block-kadence-tab kt-tab-inner-content kt-inner-tab-5 kt-inner-tab_bf6bf5-99\"><div class=\"kt-tab-inner-content-inner\">\n<blockquote class=\"wp-block-quote is-layout-flow wp-block-quote-is-layout-flow\">\n<p>Quinto a\u00f1o &#8211;  Segundo Cuatrimestre<\/p>\n<\/blockquote>\n\n\n\n<h3 class=\"wp-block-heading\">Materias:<\/h3>\n\n\n\n<ul class=\"wp-block-list\">\n<li>Lengua<\/li>\n\n\n\n<li>Matematica<\/li>\n\n\n\n<li>Ciencias Sociales (Historia, Geograf\u00eda e Instrucci\u00f3n C\u00edvica)<\/li>\n\n\n\n<li>Filosof\u00eda<\/li>\n\n\n\n<li>Idioma extranjero: Ingles<\/li>\n\n\n\n<li>Qu\u00edmica<\/li>\n<\/ul>\n<\/div><\/div>\n<\/div><\/div><\/div>\n","protected":false},"excerpt":{"rendered":"","protected":false},"author":1,"featured_media":0,"parent":0,"menu_order":0,"comment_status":"closed","ping_status":"closed","template":"","meta":{"_kadence_starter_templates_imported_post":false,"_kad_post_transparent":"","_kad_post_title":"hide","_kad_post_layout":"","_kad_post_sidebar_id":"","_kad_post_content_style":"","_kad_post_vertical_padding":"","_kad_post_feature":"","_kad_post_feature_position":"","_kad_post_header":false,"_kad_post_footer":false,"footnotes":""},"class_list":["post-23","page","type-page","status-publish","hentry"],"_links":{"self":[{"href":"https:\/\/www.immanuelkant.com.ar\/cp\/wp-json\/wp\/v2\/pages\/23","targetHints":{"allow":["GET"]}}],"collection":[{"href":"https:\/\/www.immanuelkant.com.ar\/cp\/wp-json\/wp\/v2\/pages"}],"about":[{"href":"https:\/\/www.immanuelkant.com.ar\/cp\/wp-json\/wp\/v2\/types\/page"}],"author":[{"embeddable":true,"href":"https:\/\/www.immanuelkant.com.ar\/cp\/wp-json\/wp\/v2\/users\/1"}],"replies":[{"embeddable":true,"href":"https:\/\/www.immanuelkant.com.ar\/cp\/wp-json\/wp\/v2\/comments?post=23"}],"version-history":[{"count":17,"href":"https:\/\/www.immanuelkant.com.ar\/cp\/wp-json\/wp\/v2\/pages\/23\/revisions"}],"predecessor-version":[{"id":2418,"href":"https:\/\/www.immanuelkant.com.ar\/cp\/wp-json\/wp\/v2\/pages\/23\/revisions\/2418"}],"wp:attachment":[{"href":"https:\/\/www.immanuelkant.com.ar\/cp\/wp-json\/wp\/v2\/media?parent=23"}],"curies":[{"name":"wp","href":"https:\/\/api.w.org\/{rel}","templated":true}]}}