{"id":1874,"date":"2022-11-30T10:48:36","date_gmt":"2022-11-30T13:48:36","guid":{"rendered":"http:\/\/www.immanuelkant.com.ar\/cp\/?page_id=1874"},"modified":"2022-12-09T09:16:32","modified_gmt":"2022-12-09T12:16:32","slug":"nuestra-historia","status":"publish","type":"page","link":"https:\/\/www.immanuelkant.com.ar\/cp\/nuestra-historia\/","title":{"rendered":"Nuestra Historia"},"content":{"rendered":"<style>.wp-block-kadence-advancedheading.kt-adv-heading_83d5e8-e0, .wp-block-kadence-advancedheading.kt-adv-heading_83d5e8-e0[data-kb-block=\"kb-adv-heading_83d5e8-e0\"]{font-style:normal;}.wp-block-kadence-advancedheading.kt-adv-heading_83d5e8-e0 mark.kt-highlight, .wp-block-kadence-advancedheading.kt-adv-heading_83d5e8-e0[data-kb-block=\"kb-adv-heading_83d5e8-e0\"] mark.kt-highlight{font-style:normal;color:#f76a0c;-webkit-box-decoration-break:clone;box-decoration-break:clone;padding-top:0px;padding-right:0px;padding-bottom:0px;padding-left:0px;}.wp-block-kadence-advancedheading.kt-adv-heading_83d5e8-e0 img.kb-inline-image, .wp-block-kadence-advancedheading.kt-adv-heading_83d5e8-e0[data-kb-block=\"kb-adv-heading_83d5e8-e0\"] img.kb-inline-image{width:150px;vertical-align:baseline;}<\/style>\n<h2 class=\"kt-adv-heading_83d5e8-e0 wp-block-kadence-advancedheading has-theme-palette-3-color has-text-color\" data-kb-block=\"kb-adv-heading_83d5e8-e0\">Nuestra historia a trav\u00e9s de los a\u00f1os: <\/h2>\n\n\n<style>.wp-block-kadence-spacer.kt-block-spacer-_9a1650-b1 .kt-block-spacer{height:113px;}.wp-block-kadence-spacer.kt-block-spacer-_9a1650-b1 .kt-divider{border-top-width:1px;height:1px;border-top-color:#eee;width:80%;border-top-style:solid;}<\/style>\n<div class=\"wp-block-kadence-spacer aligncenter kt-block-spacer-_9a1650-b1\"><div class=\"kt-block-spacer kt-block-spacer-halign-center\"><hr class=\"kt-divider\"\/><\/div><\/div>\n\n\n\n<div class=\"wp-block-cgb-timeline twp-timeline-wrapper\" id=\"twp-ctm-5be6f396-8f08-493d-a204-48dc482290e1\"><style>@media only screen and (max-width: 976px) {#twp-ctm-5be6f396-8f08-493d-a204-48dc482290e1 .uagb-timeline__center-block .uagb-timeline__marker{margin-left: 0;margin-right: 0;}#twp-ctm-5be6f396-8f08-493d-a204-48dc482290e1 .uagb-timeline__center-block.uagb-timeline__responsive-tablet .uagb-timeline__heading{text-align: left;}#twp-ctm-5be6f396-8f08-493d-a204-48dc482290e1 .uagb-timeline__center-block.uagb-timeline__responsive-tablet .uagb-timeline-desc-content{text-align: left;}#twp-ctm-5be6f396-8f08-493d-a204-48dc482290e1 .uagb-timeline__center-block.uagb-timeline__responsive-tablet .uagb-timeline__events-new{text-align: left;}#twp-ctm-5be6f396-8f08-493d-a204-48dc482290e1 .uagb-timeline__center-block.uagb-timeline__responsive-tablet .uagb-timeline__date-inner{text-align: left;}#twp-ctm-5be6f396-8f08-493d-a204-48dc482290e1 .uagb-timeline__center-block.uagb-timeline__responsive-tablet .uagb-timeline__date-hide.uagb-timeline__date-inner{text-align: left;}#twp-ctm-5be6f396-8f08-493d-a204-48dc482290e1 .uagb-timeline__center-block.uagb-timeline__responsive-tablet .uagb-timeline__day-right .uagb-timeline__arrow:after{border-right-color: #eee;}#twp-ctm-5be6f396-8f08-493d-a204-48dc482290e1 .uagb-timeline__center-block.uagb-timeline__responsive-tablet .uagb-timeline__line{left: calc( 35px \/ 2 );}#twp-ctm-5be6f396-8f08-493d-a204-48dc482290e1 .uagb-timeline__center-block.uagb-timeline__responsive-tablet .uagb-timeline__author{text-align: left;}#twp-ctm-5be6f396-8f08-493d-a204-48dc482290e1 .uagb-timeline__center-block.uagb-timeline__responsive-tablet .uagb-timeline__link_parent{text-align: left;}#twp-ctm-5be6f396-8f08-493d-a204-48dc482290e1 .uagb-timeline__center-block.uagb-timeline__responsive-tablet .uagb-timeline__image a{text-align: left;}}@media only screen and (max-width: 767px) {#twp-ctm-5be6f396-8f08-493d-a204-48dc482290e1 .uagb-timeline__center-block .uagb-timeline__marker{margin-left: 0;margin-right: 0;}#twp-ctm-5be6f396-8f08-493d-a204-48dc482290e1 .uagb-timeline__center-block .uagb-timeline__day-new.uagb-timeline__day-left{margin-left: 10px;}#twp-ctm-5be6f396-8f08-493d-a204-48dc482290e1 .uagb-timeline__center-block .uagb-timeline__day-new.uagb-timeline__day-right{margin-left: 10px;}#twp-ctm-5be6f396-8f08-493d-a204-48dc482290e1 .uagb-timeline__center-block.uagb-timeline__responsive-mobile .uagb-timeline__heading{text-align: left;}#twp-ctm-5be6f396-8f08-493d-a204-48dc482290e1 .uagb-timeline__center-block.uagb-timeline__responsive-mobile .uagb-timeline-desc-content{text-align: left;}#twp-ctm-5be6f396-8f08-493d-a204-48dc482290e1 .uagb-timeline__center-block.uagb-timeline__responsive-mobile .uagb-timeline__events-new{text-align: left;}#twp-ctm-5be6f396-8f08-493d-a204-48dc482290e1 .uagb-timeline__center-block.uagb-timeline__responsive-mobile .uagb-timeline__date-inner{text-align: left;}#twp-ctm-5be6f396-8f08-493d-a204-48dc482290e1 .uagb-timeline__center-block.uagb-timeline__responsive-mobile .uagb-timeline__date-hide.uagb-timeline__date-inner{text-align: left;}#twp-ctm-5be6f396-8f08-493d-a204-48dc482290e1 .uagb-timeline__center-block.uagb-timeline__responsive-mobile .uagb-timeline__day-right .uagb-timeline__arrow:after{border-right-color: #eee;}#twp-ctm-5be6f396-8f08-493d-a204-48dc482290e1 .uagb-timeline__center-block.uagb-timeline__responsive-mobile .uagb-timeline__line{left: calc( 35px \/ 2 );}#twp-ctm-5be6f396-8f08-493d-a204-48dc482290e1 .uagb-timeline__center-block.uagb-timeline__responsive-mobile .uagb-timeline__author{text-align: left;}#twp-ctm-5be6f396-8f08-493d-a204-48dc482290e1 .uagb-timeline__center-block.uagb-timeline__responsive-mobile .uagb-timeline__link_parent{text-align: left;}#twp-ctm-5be6f396-8f08-493d-a204-48dc482290e1 .uagb-timeline__center-block.uagb-timeline__responsive-mobile .uagb-timeline__image a{text-align: left;}}<\/style><div class=\"timeline-content-wrap uagb-timeline__center-block  uagb-timeline__arrow-center uagb-timeline__responsive-mobile uagb-timeline\"><div class=\"main-timeline default\"><article class=\"timeline\"><div class=\"timeline-content\"><div class=\"circle\"><span><svg xmlns=\"http:\/\/www.w3.org\/2000\/svg\" viewBox=\"0 0 512 512\"><path d=\"M256 8c137 0 248 111 248 248S393 504 256 504 8 393 8 256 119 8 256 8zm-28.9 143.6l75.5 72.4H120c-13.3 0-24 10.7-24 24v16c0 13.3 10.7 24 24 24h182.6l-75.5 72.4c-9.7 9.3-9.9 24.8-.4 34.3l11 10.9c9.4 9.4 24.6 9.4 33.9 0L404.3 273c9.4-9.4 9.4-24.6 0-33.9L271.6 106.3c-9.4-9.4-24.6-9.4-33.9 0l-11 10.9c-9.5 9.6-9.3 25.1.4 34.4z\"><\/path><\/svg><\/span><\/div><div class=\"content\"><span class=\"year\">1970<\/span><h4 class=\"title\">Fundaci\u00f3n del colegio immanuel kant<\/h4><p placeholder=\"Write a Description\" class=\"description\">Un joven emprendedor, Daniel F. Maquirriain oriundo de San Jer\u00f3nimo Sur inicia las gestiones ante las autoridades educativas, a los efectos de la creaci\u00f3n de un Ciclo B\u00e1sico Secundario<\/p><div class=\"icon\"><span><\/span><\/div><\/div><\/div><\/article><article class=\"timeline\"><div class=\"timeline-content\"><div class=\"circle\"><span><svg xmlns=\"http:\/\/www.w3.org\/2000\/svg\" viewBox=\"0 0 512 512\"><path d=\"M256 504C119 504 8 393 8 256S119 8 256 8s248 111 248 248-111 248-248 248zm28.9-143.6L209.4 288H392c13.3 0 24-10.7 24-24v-16c0-13.3-10.7-24-24-24H209.4l75.5-72.4c9.7-9.3 9.9-24.8.4-34.3l-11-10.9c-9.4-9.4-24.6-9.4-33.9 0L107.7 239c-9.4 9.4-9.4 24.6 0 33.9l132.7 132.7c9.4 9.4 24.6 9.4 33.9 0l11-10.9c9.5-9.5 9.3-25-.4-34.3z\"><\/path><\/svg><\/span><\/div><div class=\"content\"><span class=\"year\">1972<\/span><h4 class=\"title\">Apertura internado varones<\/h4><p placeholder=\"Write a Description\" class=\"description\">Inmediatamente despu\u00e9s de su creaci\u00f3n, comenzamos a recibir solicitudes de matr\u00edcula de alumnos de otras localidades, lo que motiv\u00f3 la apertura de un Internado para alumnos varones en el a\u00f1o 1972.<br><br>Transcurri\u00f3 normalmente el desenvolvimiento de la instituci\u00f3n secundaria y en 1972 se autoriz\u00f3 por Resoluci\u00f3n Ministerial la apertura del Ciclo Superior (4\u00ba, 5\u00ba y 6\u00ba a\u00f1os) de la carrera de Agr\u00f3nomo General.<\/p><div class=\"icon\"><span><\/span><\/div><\/div><\/div><\/article><article class=\"timeline\"><div class=\"timeline-content\"><div class=\"circle\"><span><svg xmlns=\"http:\/\/www.w3.org\/2000\/svg\" viewBox=\"0 0 512 512\"><path d=\"M256 8c137 0 248 111 248 248S393 504 256 504 8 393 8 256 119 8 256 8zm-28.9 143.6l75.5 72.4H120c-13.3 0-24 10.7-24 24v16c0 13.3 10.7 24 24 24h182.6l-75.5 72.4c-9.7 9.3-9.9 24.8-.4 34.3l11 10.9c9.4 9.4 24.6 9.4 33.9 0L404.3 273c9.4-9.4 9.4-24.6 0-33.9L271.6 106.3c-9.4-9.4-24.6-9.4-33.9 0l-11 10.9c-9.5 9.6-9.3 25.1.4 34.4z\"><\/path><\/svg><\/span><\/div><div class=\"content\"><span class=\"year\">1973<\/span><h4 class=\"title\">la instituci\u00f3n adquiere el car\u00e1cter de incorporada<\/h4><p placeholder=\"Write a Description\" class=\"description\">En 1973 y por decreto del Poder Ejecutivo provincial, la instituci\u00f3n adquiere el car\u00e1cter de incorporada, subvencion\u00e1ndose a la entidad para el pago del personal que se desempe\u00f1aba en el 1\u00baer a\u00f1o y luego sucesivamente se hizo con el resto de la planta funcional.<\/p><div class=\"icon\"><span><\/span><\/div><\/div><\/div><\/article><article class=\"timeline\"><div class=\"timeline-content\"><div class=\"circle\"><span><svg xmlns=\"http:\/\/www.w3.org\/2000\/svg\" viewBox=\"0 0 512 512\"><path d=\"M256 504C119 504 8 393 8 256S119 8 256 8s248 111 248 248-111 248-248 248zm28.9-143.6L209.4 288H392c13.3 0 24-10.7 24-24v-16c0-13.3-10.7-24-24-24H209.4l75.5-72.4c9.7-9.3 9.9-24.8.4-34.3l-11-10.9c-9.4-9.4-24.6-9.4-33.9 0L107.7 239c-9.4 9.4-9.4 24.6 0 33.9l132.7 132.7c9.4 9.4 24.6 9.4 33.9 0l11-10.9c9.5-9.5 9.3-25-.4-34.3z\"><\/path><\/svg><\/span><\/div><div class=\"content\"><span class=\"year\">1975<\/span><h4 class=\"title\">1era Promoci\u00f3n de Agr\u00f3nomos<\/h4><p placeholder=\"Write a Description\" class=\"description\">En 1975 egres\u00f3 la primera promoci\u00f3n de Agr\u00f3nomos Generales, y continu\u00f3 a partir de all\u00ed el desenvolvimiento normal de la instituci\u00f3n durante el resto de la d\u00e9cada.<\/p><div class=\"icon\"><span><\/span><\/div><\/div><\/div><\/article><article class=\"timeline\"><div class=\"timeline-content\"><div class=\"circle\"><span><svg xmlns=\"http:\/\/www.w3.org\/2000\/svg\" viewBox=\"0 0 512 512\"><path d=\"M256 8c137 0 248 111 248 248S393 504 256 504 8 393 8 256 119 8 256 8zm-28.9 143.6l75.5 72.4H120c-13.3 0-24 10.7-24 24v16c0 13.3 10.7 24 24 24h182.6l-75.5 72.4c-9.7 9.3-9.9 24.8-.4 34.3l11 10.9c9.4 9.4 24.6 9.4 33.9 0L404.3 273c9.4-9.4 9.4-24.6 0-33.9L271.6 106.3c-9.4-9.4-24.6-9.4-33.9 0l-11 10.9c-9.5 9.6-9.3 25.1.4 34.4z\"><\/path><\/svg><\/span><\/div><div class=\"content\"><span class=\"year\">1985<\/span><h4 class=\"title\">Ampliaci\u00f3n bachillerato Orientaci\u00f3n docente<\/h4><p placeholder=\"Write a Description\" class=\"description\">En 1985 las autoridades del Colegio detectaron que la carrera t\u00e9cnico agropecuaria satisfac\u00eda una parte de la demanda educativa de la regi\u00f3n, y que exist\u00eda vocaci\u00f3n entre los alumnos del Colegio hacia carreras human\u00edsticas. Entonces el Sr. Rector pens\u00f3 en promover otra oferta educativa en el Ciclo Superior para aquellos alumnos cuya vocaci\u00f3n no estuviera inclinada hacia los saberes agro ganaderos. Es as\u00ed, que solicit\u00f3 a las autoridades provinciales la autorizaci\u00f3n para la creaci\u00f3n de un Bachillerato con orientaci\u00f3n docente, siendo aprobada la solicitud por el Servicio Provincial de Ense\u00f1anza Privada, mediante la correspondiente Disposici\u00f3n.<\/p><div class=\"icon\"><span><\/span><\/div><\/div><\/div><\/article><article class=\"timeline\"><div class=\"timeline-content\"><div class=\"circle\"><span><svg xmlns=\"http:\/\/www.w3.org\/2000\/svg\" viewBox=\"0 0 512 512\"><path d=\"M256 504C119 504 8 393 8 256S119 8 256 8s248 111 248 248-111 248-248 248zm28.9-143.6L209.4 288H392c13.3 0 24-10.7 24-24v-16c0-13.3-10.7-24-24-24H209.4l75.5-72.4c9.7-9.3 9.9-24.8.4-34.3l-11-10.9c-9.4-9.4-24.6-9.4-33.9 0L107.7 239c-9.4 9.4-9.4 24.6 0 33.9l132.7 132.7c9.4 9.4 24.6 9.4 33.9 0l11-10.9c9.5-9.5 9.3-25-.4-34.3z\"><\/path><\/svg><\/span><\/div><div class=\"content\"><span class=\"year\">2022<\/span><h4 class=\"title\">Actualidad<\/h4><p placeholder=\"Write a Description\" class=\"description\">Actualmente el Colegio Polivalente N\u00ba 2009 Immanuel Kant ofrece a la poblaci\u00f3n de San Jer\u00f3nimo Sud y sus alrededores una oferta educativa de excelencia que incluye Educaci\u00f3n Secundaria orientada, con las modalidades\u00a0Bachiller en Ciencias Naturales\u00a0y Bachiller en Lenguas; la carrera de T\u00e9cnico en producci\u00f3n Agropecuaria ( 6 a\u00f1os) \u00a0y Bachiller en el turno vespertino (Plan N\u00ba 4297\/76 modalidad EEMPA). <br><br>Dentro de la oferta educativa, los alumnos cuentan con la posibilidad de asistir a extra clase en contraturno para afianzar su proceso de aprendizaje, realizando sus tareas, consultando dudas o prepar\u00e1ndose para las distintas olimp\u00edadas a las cu\u00e1les se presentan durante el transcurso del ciclo lectivo.<br><br>Frente a la imperiosa necesidad de atender a aquellos alumnos que expresan dificultades en su aprendizaje, se implementa desde el a\u00f1o 2004 con distintas variantes \u201cel Proyecto de Adecuaci\u00f3n Curricular\u201d cuya finalidad es acompa\u00f1ar a los alumnos durante su escolaridad, facilit\u00e1ndoles la tarea de aprender y promoviendo en ellos el deseo de continuar estudiando, alentando el esfuerzo para alcanzar mejores resultados.<br><br>Como apoyatura de ciertas disciplinas como Ciencias Naturales, F\u00edsica, y Qu\u00edmica y Agrot\u00e9cnicas, el Colegio cuenta con un Laboratorio, ubicado en el anexo del Colegio, montado con los instrumentos necesarios para realizar diferentes experiencias y trabajos pr\u00e1cticos espec\u00edficos.<br>El Colegio cuenta adem\u00e1s, con un Departamento de Orientaci\u00f3n Escolar que est\u00e1 integrado por una Psicopedagoga, una Asistente social, una Psic\u00f3loga, un Orientador y M\u00e9dico escolar.<br><br>Nuestra Biblioteca, abierta a toda la comunidad, cuenta con 12.000 vol\u00famenes, entre libros de estudio y de lectura placentera, l\u00e1minas, elementos espec\u00edficos de estudio de ciertas disciplinas, una hemeroteca completa, un gabinete de inform\u00e1tica equipado con netbooks , ca\u00f1ones y equipos de audio.<br>Disponemos adem\u00e1s de un SUM (Sal\u00f3n de usos m\u00faltiples) para un desarrollo m\u00e1s amplio de la actividad docente.<br><br>Para las actividades de Educaci\u00f3n F\u00edsica, los alumnos realizan pr\u00e1cticas espec\u00edficas (deportes, gimnasia, atletismo) en el play\u00f3n deportivo, situado frente al Colegio. Contamos tambi\u00e9n con un Laboratorio para pr\u00e1cticas con instrumentos y tecnolog\u00eda actualizadas .<br>Respecto de los alumnos que eligen la carrera T\u00e9cnico en Producci\u00f3n Agropecuaria\u00a0, el campo perteneciente al Colegio, consta de todos los sistemas de producci\u00f3n e instalaciones (Campus con sectores en producciones cun\u00edcola, av\u00edcola agricultura, hortifruticultura, ganaderia y vivero) acordes con el desarrollo de una tecnicatura que posibilitar\u00e1 su ingreso ventajoso a las carreras universitarias relacionadas tales como Ingenier\u00eda Agron\u00f3mica, Veterinaria, Biotecnolog\u00eda, etc.;<\/p><div class=\"icon\"><span><\/span><\/div><\/div><\/div><\/article><\/div><\/div><\/div>\n","protected":false},"excerpt":{"rendered":"<p>Nuestra historia a trav\u00e9s de los a\u00f1os:<\/p>\n","protected":false},"author":1,"featured_media":0,"parent":0,"menu_order":0,"comment_status":"closed","ping_status":"closed","template":"","meta":{"_kadence_starter_templates_imported_post":false,"_kad_post_transparent":"disable","_kad_post_title":"hide","_kad_post_layout":"normal","_kad_post_sidebar_id":"","_kad_post_content_style":"unboxed","_kad_post_vertical_padding":"","_kad_post_feature":"","_kad_post_feature_position":"","_kad_post_header":false,"_kad_post_footer":false,"footnotes":""},"class_list":["post-1874","page","type-page","status-publish","hentry"],"_links":{"self":[{"href":"https:\/\/www.immanuelkant.com.ar\/cp\/wp-json\/wp\/v2\/pages\/1874","targetHints":{"allow":["GET"]}}],"collection":[{"href":"https:\/\/www.immanuelkant.com.ar\/cp\/wp-json\/wp\/v2\/pages"}],"about":[{"href":"https:\/\/www.immanuelkant.com.ar\/cp\/wp-json\/wp\/v2\/types\/page"}],"author":[{"embeddable":true,"href":"https:\/\/www.immanuelkant.com.ar\/cp\/wp-json\/wp\/v2\/users\/1"}],"replies":[{"embeddable":true,"href":"https:\/\/www.immanuelkant.com.ar\/cp\/wp-json\/wp\/v2\/comments?post=1874"}],"version-history":[{"count":18,"href":"https:\/\/www.immanuelkant.com.ar\/cp\/wp-json\/wp\/v2\/pages\/1874\/revisions"}],"predecessor-version":[{"id":2163,"href":"https:\/\/www.immanuelkant.com.ar\/cp\/wp-json\/wp\/v2\/pages\/1874\/revisions\/2163"}],"wp:attachment":[{"href":"https:\/\/www.immanuelkant.com.ar\/cp\/wp-json\/wp\/v2\/media?parent=1874"}],"curies":[{"name":"wp","href":"https:\/\/api.w.org\/{rel}","templated":true}]}}