{"id":1858,"date":"2022-11-30T10:41:57","date_gmt":"2022-11-30T13:41:57","guid":{"rendered":"http:\/\/www.immanuelkant.com.ar\/cp\/?page_id=1858"},"modified":"2022-12-17T03:54:30","modified_gmt":"2022-12-17T06:54:30","slug":"ciclo-orientado-lenguas","status":"publish","type":"page","link":"https:\/\/www.immanuelkant.com.ar\/cp\/ciclo-orientado-lenguas\/","title":{"rendered":"Ciclo orientado Lenguas"},"content":{"rendered":"<style>.wp-block-kadence-spacer.kt-block-spacer-_69e64c-92 .kt-block-spacer{height:40px;}.wp-block-kadence-spacer.kt-block-spacer-_69e64c-92 .kt-divider{border-top-width:1px;height:1px;border-top-color:#eee;width:80%;border-top-style:solid;}<\/style>\n<div class=\"wp-block-kadence-spacer aligncenter kt-block-spacer-_69e64c-92\"><div class=\"kt-block-spacer kt-block-spacer-halign-center\"><hr class=\"kt-divider\"\/><\/div><\/div>\n\n\n<style>.wp-block-kadence-advancedheading.kt-adv-heading_d3928e-b5, .wp-block-kadence-advancedheading.kt-adv-heading_d3928e-b5[data-kb-block=\"kb-adv-heading_d3928e-b5\"]{font-style:normal;}.wp-block-kadence-advancedheading.kt-adv-heading_d3928e-b5 mark.kt-highlight, .wp-block-kadence-advancedheading.kt-adv-heading_d3928e-b5[data-kb-block=\"kb-adv-heading_d3928e-b5\"] mark.kt-highlight{font-style:normal;color:#f76a0c;-webkit-box-decoration-break:clone;box-decoration-break:clone;padding-top:0px;padding-right:0px;padding-bottom:0px;padding-left:0px;}.wp-block-kadence-advancedheading.kt-adv-heading_d3928e-b5 img.kb-inline-image, .wp-block-kadence-advancedheading.kt-adv-heading_d3928e-b5[data-kb-block=\"kb-adv-heading_d3928e-b5\"] img.kb-inline-image{width:150px;vertical-align:baseline;}<\/style>\n<h1 class=\"kt-adv-heading_d3928e-b5 wp-block-kadence-advancedheading\" data-kb-block=\"kb-adv-heading_d3928e-b5\">Ciclo Orientado Lenguas<\/h1>\n\n\n<style>.kt-tabs-id_042073-11 > .kt-tabs-content-wrap > .wp-block-kadence-tab{border-top-width:3px;border-right-width:0px;border-bottom-width:0px;border-left-width:0px;border-color:#0a6689;border-top-left-radius:0px;border-top-right-radius:0px;border-bottom-right-radius:0px;border-bottom-left-radius:0px;padding-top:var(--global-kb-spacing-sm, 1.5rem);padding-right:var(--global-kb-spacing-sm, 1.5rem);padding-bottom:var(--global-kb-spacing-sm, 1.5rem);padding-left:var(--global-kb-spacing-sm, 1.5rem);background:#ffffff;}.wp-block-kadence-tabs .kt-tabs-id_042073-11 > .kt-tabs-title-list li{margin-top:0px;margin-right:8px;margin-bottom:0px;margin-left:0px;}.wp-block-kadence-tabs .kt-tabs-id_042073-11 > .kt-tabs-title-list li:last-child{margin-right:0px;}.wp-block-kadence-tabs .kt-tabs-id_042073-11 > .kt-tabs-title-list li .kt-tab-title, .wp-block-kadence-tabs .kt-tabs-id_042073-11 > .kt-tabs-content-wrap > .kt-tabs-accordion-title .kt-tab-title{line-height:1.4em;font-weight:regular;font-style:normal;border-top-width:0px;border-right-width:0px;border-bottom-width:0px;border-left-width:0px;border-top-left-radius:4px;border-top-right-radius:4px;border-bottom-right-radius:0px;border-bottom-left-radius:0px;padding-top:8px;padding-right:20px;padding-bottom:8px;padding-left:20px;border-color:#eeeeee;color:#222222;background:#eeeeee;}.wp-block-kadence-tabs .kt-tabs-id_042073-11 > .kt-tabs-content-wrap > .kt-tabs-accordion-title .kt-tab-title{margin-top:0px;margin-right:8px;margin-bottom:0px;margin-left:0px;}.wp-block-kadence-tabs .kt-tabs-id_042073-11 > .kt-tabs-title-list li .kt-tab-title:hover, .wp-block-kadence-tabs .kt-tabs-id_042073-11 > .kt-tabs-content-wrap > .kt-tabs-accordion-title .kt-tab-title:hover{border-color:#eeeeee;color:#222222;background:#e2e2e2;}.wp-block-kadence-tabs .kt-tabs-id_042073-11 > .kt-tabs-title-list li.kt-tab-title-active .kt-tab-title, .wp-block-kadence-tabs .kt-tabs-id_042073-11 > .kt-tabs-content-wrap > .kt-tabs-accordion-title.kt-tab-title-active .kt-tab-title{border-color:#eeeeee;color:#ffffff;background:#0a6689;}<\/style>\n<div class=\"wp-block-kadence-tabs alignnone\"><div class=\"kt-tabs-wrap kt-tabs-id_042073-11 kt-tabs-has-3-tabs kt-active-tab-1 kt-tabs-layout-tabs kt-tabs-tablet-layout-inherit kt-tabs-mobile-layout-inherit kt-tab-alignment-left \" style=\"max-width:none\"><ul class=\"kt-tabs-title-list\"><li id=\"tab-tercerao\" class=\"kt-title-item kt-title-item-1 kt-tabs-svg-show-always kt-tabs-icon-side-right kt-tab-title-active\"><a href=\"#tab-tercerao\" data-tab=\"1\" class=\"kt-tab-title kt-tab-title-1 \"><span class=\"kt-title-text\">Tercer a\u00f1o<\/span><\/a><\/li><li id=\"tab-cuartoao\" class=\"kt-title-item kt-title-item-2 kt-tabs-svg-show-always kt-tabs-icon-side-right kt-tab-title-inactive\"><a href=\"#tab-cuartoao\" data-tab=\"2\" class=\"kt-tab-title kt-tab-title-2 \"><span class=\"kt-title-text\">Cuarto a\u00f1o<\/span><\/a><\/li><li id=\"tab-quintoao\" class=\"kt-title-item kt-title-item-3 kt-tabs-svg-show-always kt-tabs-icon-side-right kt-tab-title-inactive\"><a href=\"#tab-quintoao\" data-tab=\"3\" class=\"kt-tab-title kt-tab-title-3 \"><span class=\"kt-title-text\">Quinto a\u00f1o<\/span><\/a><\/li><\/ul><div class=\"kt-tabs-content-wrap\">\n<div class=\"wp-block-kadence-tab kt-tab-inner-content kt-inner-tab-1 kt-inner-tab_6ea5ae-8e\"><div class=\"kt-tab-inner-content-inner\"><style>.wp-block-kadence-advancedheading.kt-adv-heading_1be288-73, .wp-block-kadence-advancedheading.kt-adv-heading_1be288-73[data-kb-block=\"kb-adv-heading_1be288-73\"]{font-style:normal;}.wp-block-kadence-advancedheading.kt-adv-heading_1be288-73 mark.kt-highlight, .wp-block-kadence-advancedheading.kt-adv-heading_1be288-73[data-kb-block=\"kb-adv-heading_1be288-73\"] mark.kt-highlight{font-style:normal;color:#f76a0c;-webkit-box-decoration-break:clone;box-decoration-break:clone;padding-top:0px;padding-right:0px;padding-bottom:0px;padding-left:0px;}.wp-block-kadence-advancedheading.kt-adv-heading_1be288-73 img.kb-inline-image, .wp-block-kadence-advancedheading.kt-adv-heading_1be288-73[data-kb-block=\"kb-adv-heading_1be288-73\"] img.kb-inline-image{width:150px;vertical-align:baseline;}<\/style>\n<h3 class=\"kt-adv-heading_1be288-73 wp-block-kadence-advancedheading\" data-kb-block=\"kb-adv-heading_1be288-73\">Disciplinas:<\/h3>\n\n\n\n<ul class=\"wp-block-list\">\n<li>Lengua y Literatura<\/li>\n\n\n\n<li>Matem\u00e1ticas<\/li>\n\n\n\n<li>Lengua y Cultura extranjera I: Ingl\u00e9s<\/li>\n\n\n\n<li>Educaci\u00f3n f\u00edsica<\/li>\n\n\n\n<li>Construcci\u00f3n de ciudadan\u00eda e identidad<\/li>\n\n\n\n<li>Historia I<\/li>\n\n\n\n<li>Geograf\u00eda<\/li>\n\n\n\n<li>Biolog\u00eda<\/li>\n\n\n\n<li>Educaci\u00f3n art\u00edstica (Artes visuales)<\/li>\n\n\n\n<li>Lengua y cultura extranjera I: Franc\u00e9s<\/li>\n\n\n\n<li>Lengua y cultura extranjera I: Lat\u00edn<\/li>\n<\/ul>\n<\/div><\/div>\n\n\n\n<div class=\"wp-block-kadence-tab kt-tab-inner-content kt-inner-tab-2 kt-inner-tab_765e71-fb\"><div class=\"kt-tab-inner-content-inner\"><style>.wp-block-kadence-advancedheading.kt-adv-heading_864680-8e, .wp-block-kadence-advancedheading.kt-adv-heading_864680-8e[data-kb-block=\"kb-adv-heading_864680-8e\"]{font-style:normal;}.wp-block-kadence-advancedheading.kt-adv-heading_864680-8e mark.kt-highlight, .wp-block-kadence-advancedheading.kt-adv-heading_864680-8e[data-kb-block=\"kb-adv-heading_864680-8e\"] mark.kt-highlight{font-style:normal;color:#f76a0c;-webkit-box-decoration-break:clone;box-decoration-break:clone;padding-top:0px;padding-right:0px;padding-bottom:0px;padding-left:0px;}.wp-block-kadence-advancedheading.kt-adv-heading_864680-8e img.kb-inline-image, .wp-block-kadence-advancedheading.kt-adv-heading_864680-8e[data-kb-block=\"kb-adv-heading_864680-8e\"] img.kb-inline-image{width:150px;vertical-align:baseline;}<\/style>\n<h3 class=\"kt-adv-heading_864680-8e wp-block-kadence-advancedheading\" data-kb-block=\"kb-adv-heading_864680-8e\">Disciplinas:<\/h3>\n\n\n\n<ul class=\"wp-block-list\">\n<li>Lengua y Literatura<\/li>\n\n\n\n<li>Matem\u00e1ticas<\/li>\n\n\n\n<li>Lengua y cultura extranjera II: Ingl\u00e9s<\/li>\n\n\n\n<li>Educaci\u00f3n F\u00edsica<\/li>\n\n\n\n<li>Construcci\u00f3n de ciudadan\u00eda y participaci\u00f3n<\/li>\n\n\n\n<li>Historia II<\/li>\n\n\n\n<li>F\u00edsica<\/li>\n\n\n\n<li>Qu\u00edmica<\/li>\n\n\n\n<li>Lengua de se\u00f1as<\/li>\n\n\n\n<li>Lengua y Cultura extranjera II: Franc\u00e9s<\/li>\n\n\n\n<li>Lengua y Cultura extranjera II: Lat\u00edn<\/li>\n<\/ul>\n<\/div><\/div>\n\n\n\n<div class=\"wp-block-kadence-tab kt-tab-inner-content kt-inner-tab-3 kt-inner-tab_eb9fe4-7b\"><div class=\"kt-tab-inner-content-inner\"><style>.wp-block-kadence-advancedheading.kt-adv-heading_bda183-2e, .wp-block-kadence-advancedheading.kt-adv-heading_bda183-2e[data-kb-block=\"kb-adv-heading_bda183-2e\"]{font-style:normal;}.wp-block-kadence-advancedheading.kt-adv-heading_bda183-2e mark.kt-highlight, .wp-block-kadence-advancedheading.kt-adv-heading_bda183-2e[data-kb-block=\"kb-adv-heading_bda183-2e\"] mark.kt-highlight{font-style:normal;color:#f76a0c;-webkit-box-decoration-break:clone;box-decoration-break:clone;padding-top:0px;padding-right:0px;padding-bottom:0px;padding-left:0px;}.wp-block-kadence-advancedheading.kt-adv-heading_bda183-2e img.kb-inline-image, .wp-block-kadence-advancedheading.kt-adv-heading_bda183-2e[data-kb-block=\"kb-adv-heading_bda183-2e\"] img.kb-inline-image{width:150px;vertical-align:baseline;}<\/style>\n<h3 class=\"kt-adv-heading_bda183-2e wp-block-kadence-advancedheading\" data-kb-block=\"kb-adv-heading_bda183-2e\">Disciplinas:<\/h3>\n\n\n\n<ul class=\"wp-block-list\">\n<li>Lengua y Literatura<\/li>\n\n\n\n<li>Matem\u00e1ticas<\/li>\n\n\n\n<li>Lengua y Cultura extranjera III: Ingl\u00e9s<\/li>\n\n\n\n<li>Educaci\u00f3n f\u00edsica<\/li>\n\n\n\n<li>Construcci\u00f3n de ciudadan\u00eda y derechos<\/li>\n\n\n\n<li>Filosof\u00eda<\/li>\n\n\n\n<li>Orientaci\u00f3n en contextos laborales<\/li>\n\n\n\n<li>Ling\u00fc\u00edstica<\/li>\n\n\n\n<li>Taller de Lengua y Cultura extranjera IV: Portugu\u00e9s<\/li>\n\n\n\n<li>Lengua y Cultura extranjera III: Franc\u00e9s<\/li>\n\n\n\n<li>Lengua y Cultura extranjera III: Lat\u00edn<\/li>\n<\/ul>\n<\/div><\/div>\n<\/div><\/div><\/div>\n","protected":false},"excerpt":{"rendered":"<p>Ciclo Orientado Lenguas<\/p>\n","protected":false},"author":1,"featured_media":0,"parent":0,"menu_order":0,"comment_status":"closed","ping_status":"closed","template":"","meta":{"_kadence_starter_templates_imported_post":false,"_kad_post_transparent":"","_kad_post_title":"hide","_kad_post_layout":"","_kad_post_sidebar_id":"","_kad_post_content_style":"","_kad_post_vertical_padding":"","_kad_post_feature":"","_kad_post_feature_position":"","_kad_post_header":false,"_kad_post_footer":false,"footnotes":""},"class_list":["post-1858","page","type-page","status-publish","hentry"],"_links":{"self":[{"href":"https:\/\/www.immanuelkant.com.ar\/cp\/wp-json\/wp\/v2\/pages\/1858","targetHints":{"allow":["GET"]}}],"collection":[{"href":"https:\/\/www.immanuelkant.com.ar\/cp\/wp-json\/wp\/v2\/pages"}],"about":[{"href":"https:\/\/www.immanuelkant.com.ar\/cp\/wp-json\/wp\/v2\/types\/page"}],"author":[{"embeddable":true,"href":"https:\/\/www.immanuelkant.com.ar\/cp\/wp-json\/wp\/v2\/users\/1"}],"replies":[{"embeddable":true,"href":"https:\/\/www.immanuelkant.com.ar\/cp\/wp-json\/wp\/v2\/comments?post=1858"}],"version-history":[{"count":6,"href":"https:\/\/www.immanuelkant.com.ar\/cp\/wp-json\/wp\/v2\/pages\/1858\/revisions"}],"predecessor-version":[{"id":2104,"href":"https:\/\/www.immanuelkant.com.ar\/cp\/wp-json\/wp\/v2\/pages\/1858\/revisions\/2104"}],"wp:attachment":[{"href":"https:\/\/www.immanuelkant.com.ar\/cp\/wp-json\/wp\/v2\/media?parent=1858"}],"curies":[{"name":"wp","href":"https:\/\/api.w.org\/{rel}","templated":true}]}}