{"id":1855,"date":"2022-11-30T10:41:29","date_gmt":"2022-11-30T13:41:29","guid":{"rendered":"http:\/\/www.immanuelkant.com.ar\/cp\/?page_id=1855"},"modified":"2022-12-17T03:54:03","modified_gmt":"2022-12-17T06:54:03","slug":"ciclo-orientado-ciencias-naturales","status":"publish","type":"page","link":"https:\/\/www.immanuelkant.com.ar\/cp\/ciclo-orientado-ciencias-naturales\/","title":{"rendered":"Ciclo Orientado &#8211; Ciencias Naturales"},"content":{"rendered":"<style>.wp-block-kadence-spacer.kt-block-spacer-_e058a3-91 .kt-block-spacer{height:40px;}.wp-block-kadence-spacer.kt-block-spacer-_e058a3-91 .kt-divider{border-top-width:1px;height:1px;border-top-color:#eee;width:80%;border-top-style:solid;}<\/style>\n<div class=\"wp-block-kadence-spacer aligncenter kt-block-spacer-_e058a3-91\"><div class=\"kt-block-spacer kt-block-spacer-halign-center\"><hr class=\"kt-divider\"\/><\/div><\/div>\n\n\n<style>.wp-block-kadence-advancedheading.kt-adv-heading_a48cdc-19, .wp-block-kadence-advancedheading.kt-adv-heading_a48cdc-19[data-kb-block=\"kb-adv-heading_a48cdc-19\"]{font-style:normal;}.wp-block-kadence-advancedheading.kt-adv-heading_a48cdc-19 mark.kt-highlight, .wp-block-kadence-advancedheading.kt-adv-heading_a48cdc-19[data-kb-block=\"kb-adv-heading_a48cdc-19\"] mark.kt-highlight{font-style:normal;color:#f76a0c;-webkit-box-decoration-break:clone;box-decoration-break:clone;padding-top:0px;padding-right:0px;padding-bottom:0px;padding-left:0px;}.wp-block-kadence-advancedheading.kt-adv-heading_a48cdc-19 img.kb-inline-image, .wp-block-kadence-advancedheading.kt-adv-heading_a48cdc-19[data-kb-block=\"kb-adv-heading_a48cdc-19\"] img.kb-inline-image{width:150px;vertical-align:baseline;}<\/style>\n<h1 class=\"kt-adv-heading_a48cdc-19 wp-block-kadence-advancedheading\" data-kb-block=\"kb-adv-heading_a48cdc-19\">Ciclo Orientado &#8211; Ciencias Naturales<\/h1>\n\n\n\n<p><\/p>\n\n\n<style>.kt-tabs-id_b5a0eb-ba > .kt-tabs-content-wrap > .wp-block-kadence-tab{border-top-width:3px;border-right-width:0px;border-bottom-width:0px;border-left-width:0px;border-color:#0a6689;border-top-left-radius:0px;border-top-right-radius:0px;border-bottom-right-radius:0px;border-bottom-left-radius:0px;padding-top:var(--global-kb-spacing-sm, 1.5rem);padding-right:var(--global-kb-spacing-sm, 1.5rem);padding-bottom:var(--global-kb-spacing-sm, 1.5rem);padding-left:var(--global-kb-spacing-sm, 1.5rem);background:#ffffff;}.wp-block-kadence-tabs .kt-tabs-id_b5a0eb-ba > .kt-tabs-title-list li{margin-top:0px;margin-right:8px;margin-bottom:0px;margin-left:0px;}.wp-block-kadence-tabs .kt-tabs-id_b5a0eb-ba > .kt-tabs-title-list li:last-child{margin-right:0px;}.wp-block-kadence-tabs .kt-tabs-id_b5a0eb-ba > .kt-tabs-title-list li .kt-tab-title, .wp-block-kadence-tabs .kt-tabs-id_b5a0eb-ba > .kt-tabs-content-wrap > .kt-tabs-accordion-title .kt-tab-title{line-height:1.4em;font-weight:regular;font-style:normal;border-top-width:0px;border-right-width:0px;border-bottom-width:0px;border-left-width:0px;border-top-left-radius:4px;border-top-right-radius:4px;border-bottom-right-radius:0px;border-bottom-left-radius:0px;padding-top:8px;padding-right:20px;padding-bottom:8px;padding-left:20px;border-color:#eeeeee;color:#222222;background:#eeeeee;}.wp-block-kadence-tabs .kt-tabs-id_b5a0eb-ba > .kt-tabs-content-wrap > .kt-tabs-accordion-title .kt-tab-title{margin-top:0px;margin-right:8px;margin-bottom:0px;margin-left:0px;}.wp-block-kadence-tabs .kt-tabs-id_b5a0eb-ba > .kt-tabs-title-list li .kt-tab-title:hover, .wp-block-kadence-tabs .kt-tabs-id_b5a0eb-ba > .kt-tabs-content-wrap > .kt-tabs-accordion-title .kt-tab-title:hover{border-color:#eeeeee;color:#222222;background:#e2e2e2;}.wp-block-kadence-tabs .kt-tabs-id_b5a0eb-ba > .kt-tabs-title-list li.kt-tab-title-active .kt-tab-title, .wp-block-kadence-tabs .kt-tabs-id_b5a0eb-ba > .kt-tabs-content-wrap > .kt-tabs-accordion-title.kt-tab-title-active .kt-tab-title{border-color:#eeeeee;color:#ffffff;background:#0a6689;}<\/style>\n<div class=\"wp-block-kadence-tabs alignnone\"><div class=\"kt-tabs-wrap kt-tabs-id_b5a0eb-ba kt-tabs-has-3-tabs kt-active-tab-1 kt-tabs-layout-tabs kt-tabs-tablet-layout-inherit kt-tabs-mobile-layout-inherit kt-tab-alignment-left \" style=\"max-width:none\"><ul class=\"kt-tabs-title-list\"><li id=\"tab-tercerao\" class=\"kt-title-item kt-title-item-1 kt-tabs-svg-show-always kt-tabs-icon-side-right kt-tab-title-active\"><a href=\"#tab-tercerao\" data-tab=\"1\" class=\"kt-tab-title kt-tab-title-1 \"><span class=\"kt-title-text\">Tercer a\u00f1o<\/span><\/a><\/li><li id=\"tab-cuartoao\" class=\"kt-title-item kt-title-item-2 kt-tabs-svg-show-always kt-tabs-icon-side-right kt-tab-title-inactive\"><a href=\"#tab-cuartoao\" data-tab=\"2\" class=\"kt-tab-title kt-tab-title-2 \"><span class=\"kt-title-text\">Cuarto a\u00f1o<\/span><\/a><\/li><li id=\"tab-quintoao\" class=\"kt-title-item kt-title-item-3 kt-tabs-svg-show-always kt-tabs-icon-side-right kt-tab-title-inactive\"><a href=\"#tab-quintoao\" data-tab=\"3\" class=\"kt-tab-title kt-tab-title-3 \"><span class=\"kt-title-text\">Quinto a\u00f1o<\/span><\/a><\/li><\/ul><div class=\"kt-tabs-content-wrap\">\n<div class=\"wp-block-kadence-tab kt-tab-inner-content kt-inner-tab-1 kt-inner-tab_ff8945-74\"><div class=\"kt-tab-inner-content-inner\"><style>.wp-block-kadence-advancedheading.kt-adv-heading_1be288-73, .wp-block-kadence-advancedheading.kt-adv-heading_1be288-73[data-kb-block=\"kb-adv-heading_1be288-73\"]{font-style:normal;}.wp-block-kadence-advancedheading.kt-adv-heading_1be288-73 mark.kt-highlight, .wp-block-kadence-advancedheading.kt-adv-heading_1be288-73[data-kb-block=\"kb-adv-heading_1be288-73\"] mark.kt-highlight{font-style:normal;color:#f76a0c;-webkit-box-decoration-break:clone;box-decoration-break:clone;padding-top:0px;padding-right:0px;padding-bottom:0px;padding-left:0px;}.wp-block-kadence-advancedheading.kt-adv-heading_1be288-73 img.kb-inline-image, .wp-block-kadence-advancedheading.kt-adv-heading_1be288-73[data-kb-block=\"kb-adv-heading_1be288-73\"] img.kb-inline-image{width:150px;vertical-align:baseline;}<\/style>\n<h3 class=\"kt-adv-heading_1be288-73 wp-block-kadence-advancedheading\" data-kb-block=\"kb-adv-heading_1be288-73\">Disciplinas:<\/h3>\n\n\n\n<ul class=\"wp-block-list\">\n<li>Lengua y Literatura<\/li>\n\n\n\n<li>Matem\u00e1ticas<\/li>\n\n\n\n<li>Lengua extranjera<\/li>\n\n\n\n<li>Educaci\u00f3n f\u00edsica<\/li>\n\n\n\n<li>Construcci\u00f3n de ciudadan\u00eda e identidad<\/li>\n\n\n\n<li>Historia I<\/li>\n\n\n\n<li>F\u00edsica I<\/li>\n\n\n\n<li>Geograf\u00eda I<\/li>\n\n\n\n<li>Biolog\u00eda I<\/li>\n\n\n\n<li>Educaci\u00f3n art\u00edstica (Artes visuales)<\/li>\n\n\n\n<li>Qu\u00edmica I<\/li>\n<\/ul>\n<\/div><\/div>\n\n\n\n<div class=\"wp-block-kadence-tab kt-tab-inner-content kt-inner-tab-2 kt-inner-tab_cb9535-de\"><div class=\"kt-tab-inner-content-inner\"><style>.wp-block-kadence-advancedheading.kt-adv-heading_e40379-6f, .wp-block-kadence-advancedheading.kt-adv-heading_e40379-6f[data-kb-block=\"kb-adv-heading_e40379-6f\"]{font-style:normal;}.wp-block-kadence-advancedheading.kt-adv-heading_e40379-6f mark.kt-highlight, .wp-block-kadence-advancedheading.kt-adv-heading_e40379-6f[data-kb-block=\"kb-adv-heading_e40379-6f\"] mark.kt-highlight{font-style:normal;color:#f76a0c;-webkit-box-decoration-break:clone;box-decoration-break:clone;padding-top:0px;padding-right:0px;padding-bottom:0px;padding-left:0px;}.wp-block-kadence-advancedheading.kt-adv-heading_e40379-6f img.kb-inline-image, .wp-block-kadence-advancedheading.kt-adv-heading_e40379-6f[data-kb-block=\"kb-adv-heading_e40379-6f\"] img.kb-inline-image{width:150px;vertical-align:baseline;}<\/style>\n<h3 class=\"kt-adv-heading_e40379-6f wp-block-kadence-advancedheading\" data-kb-block=\"kb-adv-heading_e40379-6f\">Disciplinas:<\/h3>\n\n\n\n<ul class=\"wp-block-list\">\n<li>Lengua y Literatura<\/li>\n\n\n\n<li>Matem\u00e1ticas<\/li>\n\n\n\n<li>Lengua extranjera (Ingl\u00e9s)<\/li>\n\n\n\n<li>Educaci\u00f3n f\u00edsica<\/li>\n\n\n\n<li>Construcci\u00f3n de ciudadan\u00eda y participaci\u00f3n<\/li>\n\n\n\n<li>Historia II<\/li>\n\n\n\n<li>F\u00edsica II<\/li>\n\n\n\n<li>Geograf\u00eda II<\/li>\n\n\n\n<li>Biolog\u00eda II<\/li>\n\n\n\n<li>Qu\u00edmica II<\/li>\n\n\n\n<li>Salud y Adolescencia<\/li>\n<\/ul>\n<\/div><\/div>\n\n\n\n<div class=\"wp-block-kadence-tab kt-tab-inner-content kt-inner-tab-3 kt-inner-tab_a40430-aa\"><div class=\"kt-tab-inner-content-inner\"><style>.wp-block-kadence-advancedheading.kt-adv-heading_9edc1a-c8, .wp-block-kadence-advancedheading.kt-adv-heading_9edc1a-c8[data-kb-block=\"kb-adv-heading_9edc1a-c8\"]{font-style:normal;}.wp-block-kadence-advancedheading.kt-adv-heading_9edc1a-c8 mark.kt-highlight, .wp-block-kadence-advancedheading.kt-adv-heading_9edc1a-c8[data-kb-block=\"kb-adv-heading_9edc1a-c8\"] mark.kt-highlight{font-style:normal;color:#f76a0c;-webkit-box-decoration-break:clone;box-decoration-break:clone;padding-top:0px;padding-right:0px;padding-bottom:0px;padding-left:0px;}.wp-block-kadence-advancedheading.kt-adv-heading_9edc1a-c8 img.kb-inline-image, .wp-block-kadence-advancedheading.kt-adv-heading_9edc1a-c8[data-kb-block=\"kb-adv-heading_9edc1a-c8\"] img.kb-inline-image{width:150px;vertical-align:baseline;}<\/style>\n<h3 class=\"kt-adv-heading_9edc1a-c8 wp-block-kadence-advancedheading\" data-kb-block=\"kb-adv-heading_9edc1a-c8\">Disciplinas:<\/h3>\n\n\n\n<ul class=\"wp-block-list\">\n<li>Lengua y Literatura<\/li>\n\n\n\n<li>Matem\u00e1ticas<\/li>\n\n\n\n<li>Lengua extranjera (Ingl\u00e9s)<\/li>\n\n\n\n<li>Educaci\u00f3n f\u00edsica<\/li>\n\n\n\n<li>Construcci\u00f3n de ciudadan\u00eda y derechos<\/li>\n\n\n\n<li>Filosof\u00eda<\/li>\n\n\n\n<li>Ciencias de la tierra<\/li>\n\n\n\n<li>Orientaci\u00f3n en contextos laborales<\/li>\n\n\n\n<li>Biolog\u00eda III<\/li>\n\n\n\n<li>Qu\u00edmica III<\/li>\n\n\n\n<li>Salud y Ambiente<\/li>\n<\/ul>\n<\/div><\/div>\n<\/div><\/div><\/div>\n","protected":false},"excerpt":{"rendered":"<p>Ciclo Orientado &#8211; Ciencias Naturales<\/p>\n","protected":false},"author":1,"featured_media":0,"parent":0,"menu_order":0,"comment_status":"closed","ping_status":"closed","template":"","meta":{"_kadence_starter_templates_imported_post":false,"_kad_post_transparent":"","_kad_post_title":"hide","_kad_post_layout":"","_kad_post_sidebar_id":"","_kad_post_content_style":"","_kad_post_vertical_padding":"","_kad_post_feature":"","_kad_post_feature_position":"","_kad_post_header":false,"_kad_post_footer":false,"footnotes":""},"class_list":["post-1855","page","type-page","status-publish","hentry"],"_links":{"self":[{"href":"https:\/\/www.immanuelkant.com.ar\/cp\/wp-json\/wp\/v2\/pages\/1855","targetHints":{"allow":["GET"]}}],"collection":[{"href":"https:\/\/www.immanuelkant.com.ar\/cp\/wp-json\/wp\/v2\/pages"}],"about":[{"href":"https:\/\/www.immanuelkant.com.ar\/cp\/wp-json\/wp\/v2\/types\/page"}],"author":[{"embeddable":true,"href":"https:\/\/www.immanuelkant.com.ar\/cp\/wp-json\/wp\/v2\/users\/1"}],"replies":[{"embeddable":true,"href":"https:\/\/www.immanuelkant.com.ar\/cp\/wp-json\/wp\/v2\/comments?post=1855"}],"version-history":[{"count":6,"href":"https:\/\/www.immanuelkant.com.ar\/cp\/wp-json\/wp\/v2\/pages\/1855\/revisions"}],"predecessor-version":[{"id":2102,"href":"https:\/\/www.immanuelkant.com.ar\/cp\/wp-json\/wp\/v2\/pages\/1855\/revisions\/2102"}],"wp:attachment":[{"href":"https:\/\/www.immanuelkant.com.ar\/cp\/wp-json\/wp\/v2\/media?parent=1855"}],"curies":[{"name":"wp","href":"https:\/\/api.w.org\/{rel}","templated":true}]}}