{"id":1852,"date":"2022-11-30T10:41:04","date_gmt":"2022-11-30T13:41:04","guid":{"rendered":"http:\/\/www.immanuelkant.com.ar\/cp\/?page_id=1852"},"modified":"2025-10-28T19:21:32","modified_gmt":"2025-10-28T22:21:32","slug":"ciclo-basico-educaion-secundaria","status":"publish","type":"page","link":"https:\/\/www.immanuelkant.com.ar\/cp\/ciclo-basico-educaion-secundaria\/","title":{"rendered":"Ciclo B\u00e1sico Educaci\u00f3n Secundaria"},"content":{"rendered":"<style>.wp-block-kadence-spacer.kt-block-spacer-1852_13deab-1d .kt-block-spacer{height:40px;}.wp-block-kadence-spacer.kt-block-spacer-1852_13deab-1d .kt-divider{border-top-width:1px;height:1px;border-top-color:#eee;width:80%;border-top-style:solid;}<\/style>\n<div class=\"wp-block-kadence-spacer aligncenter kt-block-spacer-1852_13deab-1d\"><div class=\"kt-block-spacer kt-block-spacer-halign-center\"><hr class=\"kt-divider\"\/><\/div><\/div>\n\n\n<style>.wp-block-kadence-advancedheading.kt-adv-heading1852_85a66c-78, .wp-block-kadence-advancedheading.kt-adv-heading1852_85a66c-78[data-kb-block=\"kb-adv-heading1852_85a66c-78\"]{font-style:normal;}.wp-block-kadence-advancedheading.kt-adv-heading1852_85a66c-78 mark.kt-highlight, .wp-block-kadence-advancedheading.kt-adv-heading1852_85a66c-78[data-kb-block=\"kb-adv-heading1852_85a66c-78\"] mark.kt-highlight{font-style:normal;color:#f76a0c;-webkit-box-decoration-break:clone;box-decoration-break:clone;padding-top:0px;padding-right:0px;padding-bottom:0px;padding-left:0px;}.wp-block-kadence-advancedheading.kt-adv-heading1852_85a66c-78 img.kb-inline-image, .wp-block-kadence-advancedheading.kt-adv-heading1852_85a66c-78[data-kb-block=\"kb-adv-heading1852_85a66c-78\"] img.kb-inline-image{width:150px;vertical-align:baseline;}<\/style>\n<h1 class=\"kt-adv-heading1852_85a66c-78 wp-block-kadence-advancedheading\" data-kb-block=\"kb-adv-heading1852_85a66c-78\">Ciclo B\u00e1sico Educaci\u00f3n Secundaria<\/h1>\n\n\n<style>.kt-tabs-id1852_ece979-d7 > .kt-tabs-content-wrap > .wp-block-kadence-tab{border-top:3px solid #0a6689;border-right:0px solid #0a6689;border-bottom:0px solid #0a6689;border-left:0px solid #0a6689;border-top-left-radius:0px;border-top-right-radius:0px;border-bottom-right-radius:0px;border-bottom-left-radius:0px;padding-top:20px;padding-right:20px;padding-bottom:20px;padding-left:20px;background:#ffffff;}.wp-block-kadence-tabs .kt-tabs-id1852_ece979-d7 > .kt-tabs-title-list li{margin-top:0px;margin-right:8px;margin-bottom:0px;margin-left:0px;}.wp-block-kadence-tabs .kt-tabs-id1852_ece979-d7 > .kt-tabs-title-list li:last-child{margin-right:0px;}.wp-block-kadence-tabs .kt-tabs-id1852_ece979-d7 > .kt-tabs-title-list li .kt-tab-title, .wp-block-kadence-tabs .kt-tabs-id1852_ece979-d7 > .kt-tabs-content-wrap > .kt-tabs-accordion-title .kt-tab-title{line-height:1.4em;font-weight:regular;font-style:normal;border-top-width:0px;border-right-width:0px;border-bottom-width:0px;border-left-width:0px;border-top-left-radius:4px;border-top-right-radius:4px;border-bottom-right-radius:0px;border-bottom-left-radius:0px;padding-top:8px;padding-right:20px;padding-bottom:8px;padding-left:20px;border-color:#eeeeee;color:#222222;background:#eeeeee;}.wp-block-kadence-tabs .kt-tabs-id1852_ece979-d7 > .kt-tabs-content-wrap > .kt-tabs-accordion-title .kt-tab-title{margin-top:0px;margin-right:8px;margin-bottom:0px;margin-left:0px;}.wp-block-kadence-tabs .kt-tabs-id1852_ece979-d7 > .kt-tabs-title-list li .kt-tab-title:hover, .wp-block-kadence-tabs .kt-tabs-id1852_ece979-d7 > .kt-tabs-content-wrap > .kt-tabs-accordion-title .kt-tab-title:hover{border-color:#eeeeee;color:#222222;background:#e2e2e2;}.wp-block-kadence-tabs .kt-tabs-id1852_ece979-d7 > .kt-tabs-title-list li.kt-tab-title-active .kt-tab-title, .wp-block-kadence-tabs .kt-tabs-id1852_ece979-d7 > .kt-tabs-content-wrap > .kt-tabs-accordion-title.kt-tab-title-active .kt-tab-title{border-color:#eeeeee;color:#ffffff;background:#0a6689;}@media all and (max-width: 1024px){.kt-tabs-id1852_ece979-d7 > .kt-tabs-content-wrap > .wp-block-kadence-tab{border-top:3px solid #0a6689;border-right:0px solid #0a6689;border-bottom:0px solid #0a6689;border-left:0px solid #0a6689;}}@media all and (max-width: 767px){.kt-tabs-id1852_ece979-d7 > .kt-tabs-content-wrap > .wp-block-kadence-tab{border-top:3px solid #0a6689;border-right:0px solid #0a6689;border-bottom:0px solid #0a6689;border-left:0px solid #0a6689;}}<\/style>\n<div class=\"wp-block-kadence-tabs alignnone\"><div class=\"kt-tabs-wrap kt-tabs-id1852_ece979-d7 kt-tabs-has-2-tabs kt-active-tab-1 kt-tabs-layout-tabs kt-tabs-tablet-layout-inherit kt-tabs-mobile-layout-inherit kt-tab-alignment-left \"><ul class=\"kt-tabs-title-list\"><li id=\"tab-primerao\" class=\"kt-title-item kt-title-item-1 kt-tabs-svg-show-always kt-tabs-icon-side-right kt-tab-title-active\"><a href=\"#tab-primerao\" data-tab=\"1\" class=\"kt-tab-title kt-tab-title-1 \"><span class=\"kt-title-text\">Primer a\u00f1o<\/span><\/a><\/li><li id=\"tab-segundoao\" class=\"kt-title-item kt-title-item-2 kt-tabs-svg-show-always kt-tabs-icon-side-right kt-tab-title-inactive\"><a href=\"#tab-segundoao\" data-tab=\"2\" class=\"kt-tab-title kt-tab-title-2 \"><span class=\"kt-title-text\">Segundo a\u00f1o<\/span><\/a><\/li><\/ul><div class=\"kt-tabs-content-wrap\">\n<div class=\"wp-block-kadence-tab kt-tab-inner-content kt-inner-tab-1 kt-inner-tab1852_7a00ba-5f\"><div class=\"kt-tab-inner-content-inner\"><style>.wp-block-kadence-advancedheading.kt-adv-heading1852_2730d2-13, .wp-block-kadence-advancedheading.kt-adv-heading1852_2730d2-13[data-kb-block=\"kb-adv-heading1852_2730d2-13\"]{font-style:normal;}.wp-block-kadence-advancedheading.kt-adv-heading1852_2730d2-13 mark.kt-highlight, .wp-block-kadence-advancedheading.kt-adv-heading1852_2730d2-13[data-kb-block=\"kb-adv-heading1852_2730d2-13\"] mark.kt-highlight{font-style:normal;color:#f76a0c;-webkit-box-decoration-break:clone;box-decoration-break:clone;padding-top:0px;padding-right:0px;padding-bottom:0px;padding-left:0px;}.wp-block-kadence-advancedheading.kt-adv-heading1852_2730d2-13 img.kb-inline-image, .wp-block-kadence-advancedheading.kt-adv-heading1852_2730d2-13[data-kb-block=\"kb-adv-heading1852_2730d2-13\"] img.kb-inline-image{width:150px;vertical-align:baseline;}<\/style>\n<h3 class=\"kt-adv-heading1852_2730d2-13 wp-block-kadence-advancedheading\" data-kb-block=\"kb-adv-heading1852_2730d2-13\">Disciplinas:<\/h3>\n\n\n\n<ul class=\"wp-block-list\">\n<li>Formaci\u00f3n \u00e9tica y ciudadana<\/li>\n\n\n\n<li>Lengua y Literatura<\/li>\n\n\n\n<li>Lengua extranjera (Ingl\u00e9s)<\/li>\n\n\n\n<li>Educaci\u00f3n f\u00edsica<\/li>\n\n\n\n<li>Matem\u00e1ticas<\/li>\n\n\n\n<li>Educaci\u00f3n tecnol\u00f3gica<\/li>\n\n\n\n<li>Biolog\u00eda<\/li>\n\n\n\n<li>Geograf\u00eda<\/li>\n\n\n\n<li>Educaci\u00f3n art\u00edstica I (M\u00fasica)<\/li>\n\n\n\n<li>Seminario de Ciencias Sociales (Historia)<\/li>\n\n\n\n<li>Espacio para el desarrollo del ideario (Lectura y escritura)<\/li>\n\n\n\n<li>Ruedas de Convivencia<\/li>\n<\/ul>\n<\/div><\/div>\n\n\n\n<div class=\"wp-block-kadence-tab kt-tab-inner-content kt-inner-tab-2 kt-inner-tab1852_487f1f-82\"><div class=\"kt-tab-inner-content-inner\"><style>.wp-block-kadence-advancedheading.kt-adv-heading1852_1cd8ee-ac, .wp-block-kadence-advancedheading.kt-adv-heading1852_1cd8ee-ac[data-kb-block=\"kb-adv-heading1852_1cd8ee-ac\"]{font-style:normal;}.wp-block-kadence-advancedheading.kt-adv-heading1852_1cd8ee-ac mark.kt-highlight, .wp-block-kadence-advancedheading.kt-adv-heading1852_1cd8ee-ac[data-kb-block=\"kb-adv-heading1852_1cd8ee-ac\"] mark.kt-highlight{font-style:normal;color:#f76a0c;-webkit-box-decoration-break:clone;box-decoration-break:clone;padding-top:0px;padding-right:0px;padding-bottom:0px;padding-left:0px;}.wp-block-kadence-advancedheading.kt-adv-heading1852_1cd8ee-ac img.kb-inline-image, .wp-block-kadence-advancedheading.kt-adv-heading1852_1cd8ee-ac[data-kb-block=\"kb-adv-heading1852_1cd8ee-ac\"] img.kb-inline-image{width:150px;vertical-align:baseline;}<\/style>\n<h3 class=\"kt-adv-heading1852_1cd8ee-ac wp-block-kadence-advancedheading\" data-kb-block=\"kb-adv-heading1852_1cd8ee-ac\">Disciplinas:<\/h3>\n\n\n\n<ul class=\"wp-block-list\">\n<li>Formaci\u00f3n \u00e9tica y ciudadana<\/li>\n\n\n\n<li>Lengua y Literatura<\/li>\n\n\n\n<li>Lengua extranjera (Ingl\u00e9s)<\/li>\n\n\n\n<li>Educaci\u00f3n f\u00edsica<\/li>\n\n\n\n<li>Matem\u00e1ticas<\/li>\n\n\n\n<li>Educaci\u00f3n tecnol\u00f3gica<\/li>\n\n\n\n<li>F\u00edsica y Qu\u00edmica<\/li>\n\n\n\n<li>Historia<\/li>\n\n\n\n<li>Educaci\u00f3n art\u00edstica II (Artes visuales)<\/li>\n\n\n\n<li>Seminario de Ciencias Sociales (Geograf\u00eda)<\/li>\n\n\n\n<li>Taller de Econom\u00eda y Administraci\u00f3n<\/li>\n<\/ul>\n<\/div><\/div>\n<\/div><\/div><\/div>\n","protected":false},"excerpt":{"rendered":"<p>Ciclo B\u00e1sico Educaci\u00f3n Secundaria<\/p>\n","protected":false},"author":1,"featured_media":0,"parent":0,"menu_order":0,"comment_status":"closed","ping_status":"closed","template":"","meta":{"_kadence_starter_templates_imported_post":false,"_kad_post_transparent":"","_kad_post_title":"hide","_kad_post_layout":"","_kad_post_sidebar_id":"","_kad_post_content_style":"","_kad_post_vertical_padding":"","_kad_post_feature":"","_kad_post_feature_position":"","_kad_post_header":false,"_kad_post_footer":false,"footnotes":""},"class_list":["post-1852","page","type-page","status-publish","hentry"],"_links":{"self":[{"href":"https:\/\/www.immanuelkant.com.ar\/cp\/wp-json\/wp\/v2\/pages\/1852","targetHints":{"allow":["GET"]}}],"collection":[{"href":"https:\/\/www.immanuelkant.com.ar\/cp\/wp-json\/wp\/v2\/pages"}],"about":[{"href":"https:\/\/www.immanuelkant.com.ar\/cp\/wp-json\/wp\/v2\/types\/page"}],"author":[{"embeddable":true,"href":"https:\/\/www.immanuelkant.com.ar\/cp\/wp-json\/wp\/v2\/users\/1"}],"replies":[{"embeddable":true,"href":"https:\/\/www.immanuelkant.com.ar\/cp\/wp-json\/wp\/v2\/comments?post=1852"}],"version-history":[{"count":12,"href":"https:\/\/www.immanuelkant.com.ar\/cp\/wp-json\/wp\/v2\/pages\/1852\/revisions"}],"predecessor-version":[{"id":2503,"href":"https:\/\/www.immanuelkant.com.ar\/cp\/wp-json\/wp\/v2\/pages\/1852\/revisions\/2503"}],"wp:attachment":[{"href":"https:\/\/www.immanuelkant.com.ar\/cp\/wp-json\/wp\/v2\/media?parent=1852"}],"curies":[{"name":"wp","href":"https:\/\/api.w.org\/{rel}","templated":true}]}}