{"id":1820,"date":"2022-11-30T10:20:39","date_gmt":"2022-11-30T13:20:39","guid":{"rendered":"http:\/\/www.immanuelkant.com.ar\/cp\/?page_id=1820"},"modified":"2025-11-26T05:07:51","modified_gmt":"2025-11-26T08:07:51","slug":"requisitos-de-ingreso-al-bachillerato-vespertino","status":"publish","type":"page","link":"https:\/\/www.immanuelkant.com.ar\/cp\/requisitos-de-ingreso-al-bachillerato-vespertino\/","title":{"rendered":"Requisitos de ingreso al Bachillerato Vespertino"},"content":{"rendered":"<style>.wp-block-kadence-spacer.kt-block-spacer-1820_ba1d13-38 .kt-block-spacer{height:40px;}.wp-block-kadence-spacer.kt-block-spacer-1820_ba1d13-38 .kt-divider{border-top-width:1px;height:1px;border-top-color:#eee;width:80%;border-top-style:solid;}<\/style>\n<div class=\"wp-block-kadence-spacer aligncenter kt-block-spacer-1820_ba1d13-38\"><div class=\"kt-block-spacer kt-block-spacer-halign-center\"><hr class=\"kt-divider\"\/><\/div><\/div>\n\n\n<style>.wp-block-kadence-advancedheading.kt-adv-heading1820_c1b9a7-64, .wp-block-kadence-advancedheading.kt-adv-heading1820_c1b9a7-64[data-kb-block=\"kb-adv-heading1820_c1b9a7-64\"]{font-style:normal;}.wp-block-kadence-advancedheading.kt-adv-heading1820_c1b9a7-64 mark.kt-highlight, .wp-block-kadence-advancedheading.kt-adv-heading1820_c1b9a7-64[data-kb-block=\"kb-adv-heading1820_c1b9a7-64\"] mark.kt-highlight{font-style:normal;color:#f76a0c;-webkit-box-decoration-break:clone;box-decoration-break:clone;padding-top:0px;padding-right:0px;padding-bottom:0px;padding-left:0px;}.wp-block-kadence-advancedheading.kt-adv-heading1820_c1b9a7-64 img.kb-inline-image, .wp-block-kadence-advancedheading.kt-adv-heading1820_c1b9a7-64[data-kb-block=\"kb-adv-heading1820_c1b9a7-64\"] img.kb-inline-image{width:150px;vertical-align:baseline;}<\/style>\n<h2 class=\"kt-adv-heading1820_c1b9a7-64 wp-block-kadence-advancedheading\" data-kb-block=\"kb-adv-heading1820_c1b9a7-64\">Requisitos de ingreso al Bachillerato Vespertino<\/h2>\n\n\n<style>.wp-block-kadence-spacer.kt-block-spacer-1820_d90d72-b9 .kt-block-spacer{height:40px;}.wp-block-kadence-spacer.kt-block-spacer-1820_d90d72-b9 .kt-divider{border-top-width:1px;height:1px;border-top-color:#eee;width:80%;border-top-style:solid;}<\/style>\n<div class=\"wp-block-kadence-spacer aligncenter kt-block-spacer-1820_d90d72-b9\"><div class=\"kt-block-spacer kt-block-spacer-halign-center\"><hr class=\"kt-divider\"\/><\/div><\/div>\n\n\n\n<p><strong>LISTADO DE DOCUMENTACI\u00d3N NECESARIA<\/strong>:<\/p>\n\n\n\n<ul class=\"wp-block-list\">\n<li>Certificado de 7\u00ba grado&nbsp;(para ingresantes a primer a\u00f1o)<\/li>\n\n\n\n<li>Pase de otro establecimiento educativo (para ingresantes de segundo a quinto a\u00f1os)<\/li>\n\n\n\n<li>Fotocopia de la&nbsp;1\u00aa y 2\u00aa hojas del D.N.I. (<strong>autenticada por juez de paz)<\/strong><\/li>\n\n\n\n<li>Fotocopia&nbsp;<strong>de la Partida de Nacimiento<\/strong><\/li>\n\n\n\n<li>Certificado Buco&nbsp; dental<\/li>\n\n\n\n<li>Certificado Buena Salud (<strong>hospital o dispensario<\/strong>)<\/li>\n\n\n\n<li>2 fotos 4 X 4 fondo blanco<\/li>\n\n\n\n<li>Solicitud de matr\u00edcula<\/li>\n<\/ul>\n\n\n\n<p>Documentaci\u00f3n adicional que deben presentar los aspirantes menores,&nbsp;que cuenten con 17 a\u00f1os de edad , y re\u00fanan los requisitos exigidos por la normativa vigente , por favor consultar con el Departamento Administrativo.<\/p>\n\n\n\n<p>Se recuerda que este Bachillerato&nbsp;es para mayores de 18 a\u00f1os cumplidos al 30\/06<\/p>\n\n\n\n<p>La matriculaci\u00f3n de alumnos menores requiere de autorizaci\u00f3n ministerial previa.<\/p>\n\n\n\n<p>En caso de dudas, consultar al Departamento Administrativo del Colegio, llamando al tel\u00e9fono 4909089 interno 101, o por e\u2013mail a: <a href=\"mailto:secretariakant@hotmail.com.ar\">secretariacolegiokant@gmail.com<\/a><\/p>\n\n\n\n<p><\/p>\n","protected":false},"excerpt":{"rendered":"<p>Requisitos de ingreso al Bachillerato Vespertino LISTADO DE DOCUMENTACI\u00d3N NECESARIA: Documentaci\u00f3n adicional que deben presentar los aspirantes menores,&nbsp;que cuenten con 17 a\u00f1os de edad , y re\u00fanan los requisitos exigidos por la normativa vigente , por favor consultar con el Departamento Administrativo. Se recuerda que este Bachillerato&nbsp;es para mayores de 18 a\u00f1os cumplidos al 30\/06&#8230;<\/p>\n","protected":false},"author":1,"featured_media":0,"parent":0,"menu_order":0,"comment_status":"closed","ping_status":"closed","template":"","meta":{"_kadence_starter_templates_imported_post":false,"_kad_post_transparent":"","_kad_post_title":"hide","_kad_post_layout":"","_kad_post_sidebar_id":"","_kad_post_content_style":"","_kad_post_vertical_padding":"","_kad_post_feature":"","_kad_post_feature_position":"","_kad_post_header":false,"_kad_post_footer":false,"footnotes":""},"class_list":["post-1820","page","type-page","status-publish","hentry"],"_links":{"self":[{"href":"https:\/\/www.immanuelkant.com.ar\/cp\/wp-json\/wp\/v2\/pages\/1820","targetHints":{"allow":["GET"]}}],"collection":[{"href":"https:\/\/www.immanuelkant.com.ar\/cp\/wp-json\/wp\/v2\/pages"}],"about":[{"href":"https:\/\/www.immanuelkant.com.ar\/cp\/wp-json\/wp\/v2\/types\/page"}],"author":[{"embeddable":true,"href":"https:\/\/www.immanuelkant.com.ar\/cp\/wp-json\/wp\/v2\/users\/1"}],"replies":[{"embeddable":true,"href":"https:\/\/www.immanuelkant.com.ar\/cp\/wp-json\/wp\/v2\/comments?post=1820"}],"version-history":[{"count":5,"href":"https:\/\/www.immanuelkant.com.ar\/cp\/wp-json\/wp\/v2\/pages\/1820\/revisions"}],"predecessor-version":[{"id":2521,"href":"https:\/\/www.immanuelkant.com.ar\/cp\/wp-json\/wp\/v2\/pages\/1820\/revisions\/2521"}],"wp:attachment":[{"href":"https:\/\/www.immanuelkant.com.ar\/cp\/wp-json\/wp\/v2\/media?parent=1820"}],"curies":[{"name":"wp","href":"https:\/\/api.w.org\/{rel}","templated":true}]}}