{"id":1817,"date":"2022-11-30T10:20:09","date_gmt":"2022-11-30T13:20:09","guid":{"rendered":"http:\/\/www.immanuelkant.com.ar\/cp\/?page_id=1817"},"modified":"2025-09-10T17:36:07","modified_gmt":"2025-09-10T20:36:07","slug":"requisitos-de-ingreso-a-la-educacion-secundaria-bachilleres-y-tecnicos","status":"publish","type":"page","link":"https:\/\/www.immanuelkant.com.ar\/cp\/requisitos-de-ingreso-a-la-educacion-secundaria-bachilleres-y-tecnicos\/","title":{"rendered":"Requisitos de ingreso a la Educaci\u00f3n Secundaria (Bachilleres y T\u00e9cnicos)"},"content":{"rendered":"<style>.wp-block-kadence-spacer.kt-block-spacer-1817_6ee861-02 .kt-block-spacer{height:40px;}.wp-block-kadence-spacer.kt-block-spacer-1817_6ee861-02 .kt-divider{border-top-width:1px;height:1px;border-top-color:#eee;width:80%;border-top-style:solid;}<\/style>\n<div class=\"wp-block-kadence-spacer aligncenter kt-block-spacer-1817_6ee861-02\"><div class=\"kt-block-spacer kt-block-spacer-halign-center\"><hr class=\"kt-divider\"\/><\/div><\/div>\n\n\n<style>.wp-block-kadence-advancedheading.kt-adv-heading1817_3904cf-12, .wp-block-kadence-advancedheading.kt-adv-heading1817_3904cf-12[data-kb-block=\"kb-adv-heading1817_3904cf-12\"]{font-style:normal;}.wp-block-kadence-advancedheading.kt-adv-heading1817_3904cf-12 mark.kt-highlight, .wp-block-kadence-advancedheading.kt-adv-heading1817_3904cf-12[data-kb-block=\"kb-adv-heading1817_3904cf-12\"] mark.kt-highlight{font-style:normal;color:#f76a0c;-webkit-box-decoration-break:clone;box-decoration-break:clone;padding-top:0px;padding-right:0px;padding-bottom:0px;padding-left:0px;}.wp-block-kadence-advancedheading.kt-adv-heading1817_3904cf-12 img.kb-inline-image, .wp-block-kadence-advancedheading.kt-adv-heading1817_3904cf-12[data-kb-block=\"kb-adv-heading1817_3904cf-12\"] img.kb-inline-image{width:150px;vertical-align:baseline;}<\/style>\n<h1 class=\"kt-adv-heading1817_3904cf-12 wp-block-kadence-advancedheading\" data-kb-block=\"kb-adv-heading1817_3904cf-12\">Requisitos de ingreso a la Educaci\u00f3n Secundaria (Bachilleres y T\u00e9cnicos)<\/h1>\n\n\n<style>.wp-block-kadence-spacer.kt-block-spacer-1817_04f526-81 .kt-block-spacer{height:40px;}.wp-block-kadence-spacer.kt-block-spacer-1817_04f526-81 .kt-divider{border-top-width:1px;height:1px;border-top-color:#eee;width:80%;border-top-style:solid;}<\/style>\n<div class=\"wp-block-kadence-spacer aligncenter kt-block-spacer-1817_04f526-81\"><div class=\"kt-block-spacer kt-block-spacer-halign-center\"><hr class=\"kt-divider\"\/><\/div><\/div>\n\n\n<style>.wp-block-kadence-advancedheading.kt-adv-heading1817_3b1a49-77, .wp-block-kadence-advancedheading.kt-adv-heading1817_3b1a49-77[data-kb-block=\"kb-adv-heading1817_3b1a49-77\"]{font-style:normal;}.wp-block-kadence-advancedheading.kt-adv-heading1817_3b1a49-77 mark.kt-highlight, .wp-block-kadence-advancedheading.kt-adv-heading1817_3b1a49-77[data-kb-block=\"kb-adv-heading1817_3b1a49-77\"] mark.kt-highlight{font-style:normal;color:#f76a0c;-webkit-box-decoration-break:clone;box-decoration-break:clone;padding-top:0px;padding-right:0px;padding-bottom:0px;padding-left:0px;}.wp-block-kadence-advancedheading.kt-adv-heading1817_3b1a49-77 img.kb-inline-image, .wp-block-kadence-advancedheading.kt-adv-heading1817_3b1a49-77[data-kb-block=\"kb-adv-heading1817_3b1a49-77\"] img.kb-inline-image{width:150px;vertical-align:baseline;}<\/style>\n<h2 class=\"kt-adv-heading1817_3b1a49-77 wp-block-kadence-advancedheading\" data-kb-block=\"kb-adv-heading1817_3b1a49-77\"><strong>DOCUMENTACI\u00d3N NECESARIA PARA EL INGRESO A 1\u00ba A\u00d1O<\/strong><\/h2>\n\n\n<style>.wp-block-kadence-advancedheading.kt-adv-heading1817_b0408e-76, .wp-block-kadence-advancedheading.kt-adv-heading1817_b0408e-76[data-kb-block=\"kb-adv-heading1817_b0408e-76\"]{font-style:normal;}.wp-block-kadence-advancedheading.kt-adv-heading1817_b0408e-76 mark.kt-highlight, .wp-block-kadence-advancedheading.kt-adv-heading1817_b0408e-76[data-kb-block=\"kb-adv-heading1817_b0408e-76\"] mark.kt-highlight{font-style:normal;color:#f76a0c;-webkit-box-decoration-break:clone;box-decoration-break:clone;padding-top:0px;padding-right:0px;padding-bottom:0px;padding-left:0px;}.wp-block-kadence-advancedheading.kt-adv-heading1817_b0408e-76 img.kb-inline-image, .wp-block-kadence-advancedheading.kt-adv-heading1817_b0408e-76[data-kb-block=\"kb-adv-heading1817_b0408e-76\"] img.kb-inline-image{width:150px;vertical-align:baseline;}<\/style>\n<h4 class=\"kt-adv-heading1817_b0408e-76 wp-block-kadence-advancedheading has-theme-palette-5-color has-text-color\" data-kb-block=\"kb-adv-heading1817_b0408e-76\">Para todas las modalidades<\/h4>\n\n\n\n<ul class=\"wp-block-list\">\n<li>Certificado de 7\u00ba grado definitivo<\/li>\n\n\n\n<li>Fotocopia autenticada por autoridad judicial&nbsp;de la 1\u00aa y 2\u00aa &nbsp;hojas del D.N.I.<\/li>\n\n\n\n<li>Certificado buco dental<\/li>\n\n\n\n<li>Certificado de buena salud indicando que es apto para realizar actividades f\u00edsicas (expedido por hospital p\u00fablico, dispensario p\u00fablico, o m\u00e9dico particular con estampillado del Colegio de M\u00e9dicos)<\/li>\n\n\n\n<li>2 fotos 4 x 4 fondo blanco (con el uniforme)<\/li>\n\n\n\n<li>Fotocopia del carnet de vacunas<\/li>\n\n\n\n<li>Grupo sangu\u00edneo y factor RH<\/li>\n<\/ul>\n\n\n\n<blockquote class=\"wp-block-quote is-layout-flow wp-block-quote-is-layout-flow\">\n<p>En caso de dudas, consultar al Departamento Administrativo del Colegio, llamando al tel\u00e9fono 4909089 interno 101, o por e\u2013mail a: <a href=\"mailto:secretariakant@hotmail.com.ar\">secretariacolegiokant@gmail.com<\/a> <\/p>\n<\/blockquote>\n","protected":false},"excerpt":{"rendered":"<p>Requisitos de ingreso a la Educaci\u00f3n Secundaria (Bachilleres y T\u00e9cnicos) DOCUMENTACI\u00d3N NECESARIA PARA EL INGRESO A 1\u00ba A\u00d1O Para todas las modalidades En caso de dudas, consultar al Departamento Administrativo del Colegio, llamando al tel\u00e9fono 4909089 interno 101, o por e\u2013mail a: secretariacolegiokant@gmail.com<\/p>\n","protected":false},"author":1,"featured_media":0,"parent":0,"menu_order":0,"comment_status":"closed","ping_status":"closed","template":"","meta":{"_kadence_starter_templates_imported_post":false,"_kad_post_transparent":"","_kad_post_title":"hide","_kad_post_layout":"","_kad_post_sidebar_id":"","_kad_post_content_style":"","_kad_post_vertical_padding":"","_kad_post_feature":"","_kad_post_feature_position":"","_kad_post_header":false,"_kad_post_footer":false,"footnotes":""},"class_list":["post-1817","page","type-page","status-publish","hentry"],"_links":{"self":[{"href":"https:\/\/www.immanuelkant.com.ar\/cp\/wp-json\/wp\/v2\/pages\/1817","targetHints":{"allow":["GET"]}}],"collection":[{"href":"https:\/\/www.immanuelkant.com.ar\/cp\/wp-json\/wp\/v2\/pages"}],"about":[{"href":"https:\/\/www.immanuelkant.com.ar\/cp\/wp-json\/wp\/v2\/types\/page"}],"author":[{"embeddable":true,"href":"https:\/\/www.immanuelkant.com.ar\/cp\/wp-json\/wp\/v2\/users\/1"}],"replies":[{"embeddable":true,"href":"https:\/\/www.immanuelkant.com.ar\/cp\/wp-json\/wp\/v2\/comments?post=1817"}],"version-history":[{"count":11,"href":"https:\/\/www.immanuelkant.com.ar\/cp\/wp-json\/wp\/v2\/pages\/1817\/revisions"}],"predecessor-version":[{"id":2522,"href":"https:\/\/www.immanuelkant.com.ar\/cp\/wp-json\/wp\/v2\/pages\/1817\/revisions\/2522"}],"wp:attachment":[{"href":"https:\/\/www.immanuelkant.com.ar\/cp\/wp-json\/wp\/v2\/media?parent=1817"}],"curies":[{"name":"wp","href":"https:\/\/api.w.org\/{rel}","templated":true}]}}