{"id":1814,"date":"2022-11-30T10:19:41","date_gmt":"2022-11-30T13:19:41","guid":{"rendered":"http:\/\/www.immanuelkant.com.ar\/cp\/?page_id=1814"},"modified":"2025-12-05T13:52:22","modified_gmt":"2025-12-05T16:52:22","slug":"inscripciones","status":"publish","type":"page","link":"https:\/\/www.immanuelkant.com.ar\/cp\/inscripciones\/","title":{"rendered":"Inscripciones"},"content":{"rendered":"<style>.wp-block-kadence-spacer.kt-block-spacer-1814_731280-a8 .kt-block-spacer{height:45px;}.wp-block-kadence-spacer.kt-block-spacer-1814_731280-a8 .kt-divider{border-top-width:1px;height:1px;border-top-color:#eee;width:80%;border-top-style:solid;}<\/style>\n<div class=\"wp-block-kadence-spacer aligncenter kt-block-spacer-1814_731280-a8\"><div class=\"kt-block-spacer kt-block-spacer-halign-center\"><hr class=\"kt-divider\"\/><\/div><\/div>\n\n\n\n<h1 class=\"wp-block-heading has-text-align-center\">Inscripciones Ciclo lectivo 2026<\/h1>\n\n\n<style>.wp-block-kadence-spacer.kt-block-spacer-1814_767136-6a .kt-block-spacer{height:20px;}.wp-block-kadence-spacer.kt-block-spacer-1814_767136-6a .kt-divider{border-top-width:1px;height:1px;border-top-color:#eee;width:80%;border-top-style:solid;}<\/style>\n<div class=\"wp-block-kadence-spacer aligncenter kt-block-spacer-1814_767136-6a\"><div class=\"kt-block-spacer kt-block-spacer-halign-center\"><hr class=\"kt-divider\"\/><\/div><\/div>\n\n\n<style>.wp-block-kadence-advancedheading.kt-adv-heading1814_9c0c5c-90, .wp-block-kadence-advancedheading.kt-adv-heading1814_9c0c5c-90[data-kb-block=\"kb-adv-heading1814_9c0c5c-90\"]{font-style:normal;}.wp-block-kadence-advancedheading.kt-adv-heading1814_9c0c5c-90 mark.kt-highlight, .wp-block-kadence-advancedheading.kt-adv-heading1814_9c0c5c-90[data-kb-block=\"kb-adv-heading1814_9c0c5c-90\"] mark.kt-highlight{font-style:normal;color:#f76a0c;-webkit-box-decoration-break:clone;box-decoration-break:clone;padding-top:0px;padding-right:0px;padding-bottom:0px;padding-left:0px;}.wp-block-kadence-advancedheading.kt-adv-heading1814_9c0c5c-90 img.kb-inline-image, .wp-block-kadence-advancedheading.kt-adv-heading1814_9c0c5c-90[data-kb-block=\"kb-adv-heading1814_9c0c5c-90\"] img.kb-inline-image{width:150px;vertical-align:baseline;}<\/style>\n<h4 class=\"kt-adv-heading1814_9c0c5c-90 wp-block-kadence-advancedheading\" data-kb-block=\"kb-adv-heading1814_9c0c5c-90\"><\/h4>\n\n\n\n<blockquote class=\"wp-block-quote is-layout-flow wp-block-quote-is-layout-flow\">\n<p class=\"has-text-align-center\">Toda la informaci\u00f3n sobre las inscripciones para el Ciclo Lectivo 2026 puede encontrarla a continuaci\u00f3n. <\/p>\n\n\n\n<p>Realizaremos una charla informativa virtual sin inscripci\u00f3n previa el d\u00eda <strong>10 de septiembre&nbsp;de 2025 de 2:00 a 3:00 pm<\/strong> a trav\u00e9s dela plataforma Google Meet. Podr\u00e1 acceder a la misma a trav\u00e9s del siguiente enlace <a href=\"https:\/\/meet.google.com\/cpa-jsvi-apg\">https:\/\/meet.google.com\/cpa-jsvi-apg<\/a> (cupo m\u00e1ximo de la reuni\u00f3n 100 personas). <\/p>\n\n\n<style>.wp-block-kadence-advancedheading.kt-adv-heading1814_0ed32a-73, .wp-block-kadence-advancedheading.kt-adv-heading1814_0ed32a-73[data-kb-block=\"kb-adv-heading1814_0ed32a-73\"]{font-style:normal;}.wp-block-kadence-advancedheading.kt-adv-heading1814_0ed32a-73 mark.kt-highlight, .wp-block-kadence-advancedheading.kt-adv-heading1814_0ed32a-73[data-kb-block=\"kb-adv-heading1814_0ed32a-73\"] mark.kt-highlight{font-style:normal;color:#f76a0c;-webkit-box-decoration-break:clone;box-decoration-break:clone;padding-top:0px;padding-right:0px;padding-bottom:0px;padding-left:0px;}.wp-block-kadence-advancedheading.kt-adv-heading1814_0ed32a-73 img.kb-inline-image, .wp-block-kadence-advancedheading.kt-adv-heading1814_0ed32a-73[data-kb-block=\"kb-adv-heading1814_0ed32a-73\"] img.kb-inline-image{width:150px;vertical-align:baseline;}<\/style>\n<p class=\"kt-adv-heading1814_0ed32a-73 wp-block-kadence-advancedheading\" data-kb-block=\"kb-adv-heading1814_0ed32a-73\"><\/p>\n\n\n\n<p class=\"has-theme-palette-3-color has-text-color has-link-color has-medium-font-size wp-elements-dc61a06793634e8b6e2c8e595d8aa22a\"><strong>Las inscripciones ser\u00e1n del 13 de octubre al 13 de noviembre de acuerdo a la normativa vigente. <\/strong><\/p>\n\n\n\n<p><br>Si bien el Ministerio de Educaci\u00f3n est\u00e1 implementando un nuevo mecanismo denominado <em>&#8220;M\u00f3dulo de Inscripci\u00f3n on line de alumnos&#8221;,<\/em> que funcionar\u00e1 a trav\u00e9s de la ID ciudadana de las familias, en el marco de la implementaci\u00f3n progresiva de dicho m\u00f3dulo se<br>informa que <strong>el sistema educativo mantendr\u00e1 durante 2025 las inscripciones manuales.  <\/strong><\/p>\n\n\n\n<p>Por ello, durante las fechas indicadas anteriormente, <strong>las solicitudes se recibir\u00e1n en los establecimientos educativos <\/strong>en formato papel, tal como se ven\u00eda haciendo con anterioridad. Los establecimientos procesar\u00e1n dichas solicitudes y efectuar\u00e1n las asignaciones de bancos sin cambios en el procedimiento.<\/p>\n\n\n\n<figure class=\"wp-block-gallery has-nested-images columns-default is-cropped wp-block-gallery-1 is-layout-flex wp-block-gallery-is-layout-flex\"><\/figure>\n\n\n\n<p>Cualquier actualizaci\u00f3n lo comunicaremos a trav\u00e9s de nuestras redes sociales <a href=\"https:\/\/www.instagram.com\/colegioimmanuelkant\/\" data-type=\"link\" data-id=\"https:\/\/www.instagram.com\/colegioimmanuelkant\/\" target=\"_blank\" rel=\"noreferrer noopener\">Instagram<\/a> o <a href=\"https:\/\/www.facebook.com\/kantoficial\" data-type=\"link\" data-id=\"https:\/\/www.facebook.com\/kantoficial\" target=\"_blank\" rel=\"noreferrer noopener\">Facebook<\/a>.  <\/p>\n\n\n\n<h5 class=\"wp-block-heading\">\u00bfTen\u00e9s dudas?<\/h5>\n\n\n\n<p>Pod\u00e9s comunicarte con el <strong>Departamento Administrativo del Colegio<\/strong>, llamando al tel\u00e9fono 341 <a href=\"tel:03414909021\">4909089<\/a> interno 101, o por e\u2013mail a: <a href=\"mailto:secretariacolegiokant@gmail.com\">secretariacolegiokant@gmail.com<\/a> o acercarse a nuestras oficinas administrativas de Calle Estrasburgo 291, San Jer\u00f3nimo Sud, CP: 2136. Santa Fe.<\/p>\n<\/blockquote>\n\n\n\n<p><\/p>\n\n\n\n<figure class=\"wp-block-gallery has-nested-images columns-default is-cropped wp-block-gallery-2 is-layout-flex wp-block-gallery-is-layout-flex\" style=\"margin-top:var(--wp--preset--spacing--30);margin-right:var(--wp--preset--spacing--60);margin-bottom:var(--wp--preset--spacing--30);margin-left:var(--wp--preset--spacing--60)\"><\/figure>\n\n\n\n<p><\/p>\n","protected":false},"excerpt":{"rendered":"<p>Inscripciones Ciclo lectivo 2026<\/p>\n","protected":false},"author":1,"featured_media":0,"parent":0,"menu_order":0,"comment_status":"closed","ping_status":"closed","template":"","meta":{"_kadence_starter_templates_imported_post":false,"_kad_post_transparent":"","_kad_post_title":"hide","_kad_post_layout":"","_kad_post_sidebar_id":"","_kad_post_content_style":"","_kad_post_vertical_padding":"","_kad_post_feature":"","_kad_post_feature_position":"","_kad_post_header":false,"_kad_post_footer":false,"footnotes":""},"class_list":["post-1814","page","type-page","status-publish","hentry"],"_links":{"self":[{"href":"https:\/\/www.immanuelkant.com.ar\/cp\/wp-json\/wp\/v2\/pages\/1814","targetHints":{"allow":["GET"]}}],"collection":[{"href":"https:\/\/www.immanuelkant.com.ar\/cp\/wp-json\/wp\/v2\/pages"}],"about":[{"href":"https:\/\/www.immanuelkant.com.ar\/cp\/wp-json\/wp\/v2\/types\/page"}],"author":[{"embeddable":true,"href":"https:\/\/www.immanuelkant.com.ar\/cp\/wp-json\/wp\/v2\/users\/1"}],"replies":[{"embeddable":true,"href":"https:\/\/www.immanuelkant.com.ar\/cp\/wp-json\/wp\/v2\/comments?post=1814"}],"version-history":[{"count":21,"href":"https:\/\/www.immanuelkant.com.ar\/cp\/wp-json\/wp\/v2\/pages\/1814\/revisions"}],"predecessor-version":[{"id":2527,"href":"https:\/\/www.immanuelkant.com.ar\/cp\/wp-json\/wp\/v2\/pages\/1814\/revisions\/2527"}],"wp:attachment":[{"href":"https:\/\/www.immanuelkant.com.ar\/cp\/wp-json\/wp\/v2\/media?parent=1814"}],"curies":[{"name":"wp","href":"https:\/\/api.w.org\/{rel}","templated":true}]}}