{"id":1811,"date":"2022-11-30T10:19:27","date_gmt":"2022-11-30T13:19:27","guid":{"rendered":"http:\/\/www.immanuelkant.com.ar\/cp\/?page_id=1811"},"modified":"2025-09-10T17:51:45","modified_gmt":"2025-09-10T20:51:45","slug":"biblioteca","status":"publish","type":"page","link":"https:\/\/www.immanuelkant.com.ar\/cp\/biblioteca\/","title":{"rendered":"Biblioteca"},"content":{"rendered":"<style>.wp-block-kadence-spacer.kt-block-spacer-1811_5f9978-6f .kt-block-spacer{height:67px;}.wp-block-kadence-spacer.kt-block-spacer-1811_5f9978-6f .kt-divider{border-top-width:1px;height:1px;border-top-color:#eee;width:80%;border-top-style:solid;}<\/style>\n<div class=\"wp-block-kadence-spacer aligncenter kt-block-spacer-1811_5f9978-6f\"><div class=\"kt-block-spacer kt-block-spacer-halign-center\"><hr class=\"kt-divider\"\/><\/div><\/div>\n\n\n\n<div class=\"wp-block-group alignwide\" style=\"padding-top:var(--wp--preset--spacing--20);padding-right:var(--wp--preset--spacing--20);padding-bottom:var(--wp--preset--spacing--20);padding-left:var(--wp--preset--spacing--20)\"><div class=\"wp-block-group__inner-container is-layout-constrained wp-container-core-group-is-layout-cf0384de wp-block-group-is-layout-constrained\">\n<div class=\"wp-block-media-text is-stacked-on-mobile has-small-font-size\"><figure class=\"wp-block-media-text__media\"><img loading=\"lazy\" decoding=\"async\" width=\"900\" height=\"600\" src=\"http:\/\/www.immanuelkant.com.ar\/cp\/wp-content\/uploads\/2022\/12\/biblioteca-3.jpg\" alt=\"\" class=\"wp-image-1996 size-full\"\/><\/figure><div class=\"wp-block-media-text__content\">\n<p><br>La biblioteca \u201cMiguel de Cervantes Saavedra\u201d es un espacio abierto al p\u00fablico,&nbsp;que funciona en las instalaciones del Colegio.<\/p>\n\n\n\n<p>La colecci\u00f3n de la misma&nbsp;cuenta en la actualidad con m\u00e1s de 13.000 libros, con sectores dedicados especialmente al estudio de las ciencias y las artes, y sectores espec\u00edficos para adolescentes y j\u00f3venes, con vol\u00famenes de lectura recreativa.<\/p>\n\n\n\n<p>La colecci\u00f3n se completa con una hemeroteca compuesta por&nbsp;diarios y revistas, mapas, l\u00e1minas, recursos did\u00e1cticos, y notebooks, disponibles para los socios y el p\u00fablico en general de San Jer\u00f3nimo Sud.<\/p>\n\n\n\n<p>Brinda adem\u00e1s asesoramiento bibliogr\u00e1fico tanto a los alumnos de las instituciones educativas de la localidad, como as\u00ed tambi\u00e9n a los docentes internos y externos.<\/p>\n\n\n\n<p>Para tramitar el carnet de socio de la Biblioteca \u201cMiguel de Cervantes Saavedra\u201d, por favor comunicarse al tel\u00e9fono 4909089 interno 110, de lunes a jueves de 8:30 a 18:00.<\/p>\n\n\n\n<p>Si sos socio de la biblioteca, pod\u00e9s realizar consultas al <br>e-mail\u00a0 <a href=\"mailto:bibliotecamcervantessaavedra@gmail.com\">bibliotecamcervantessaavedra@gmail.com<\/a><\/p>\n\n\n\n<p><\/p>\n<\/div><\/div>\n<\/div><\/div>\n","protected":false},"excerpt":{"rendered":"<p>La biblioteca \u201cMiguel de Cervantes Saavedra\u201d es un espacio abierto al p\u00fablico,&nbsp;que funciona en las instalaciones del Colegio. La colecci\u00f3n de la misma&nbsp;cuenta en la actualidad con m\u00e1s de 13.000 libros, con sectores dedicados especialmente al estudio de las ciencias y las artes, y sectores espec\u00edficos para adolescentes y j\u00f3venes, con vol\u00famenes de lectura recreativa&#8230;.<\/p>\n","protected":false},"author":1,"featured_media":0,"parent":0,"menu_order":0,"comment_status":"closed","ping_status":"closed","template":"","meta":{"_kadence_starter_templates_imported_post":false,"_kad_post_transparent":"","_kad_post_title":"hide","_kad_post_layout":"normal","_kad_post_sidebar_id":"","_kad_post_content_style":"","_kad_post_vertical_padding":"","_kad_post_feature":"","_kad_post_feature_position":"","_kad_post_header":false,"_kad_post_footer":false,"footnotes":""},"class_list":["post-1811","page","type-page","status-publish","hentry"],"_links":{"self":[{"href":"https:\/\/www.immanuelkant.com.ar\/cp\/wp-json\/wp\/v2\/pages\/1811","targetHints":{"allow":["GET"]}}],"collection":[{"href":"https:\/\/www.immanuelkant.com.ar\/cp\/wp-json\/wp\/v2\/pages"}],"about":[{"href":"https:\/\/www.immanuelkant.com.ar\/cp\/wp-json\/wp\/v2\/types\/page"}],"author":[{"embeddable":true,"href":"https:\/\/www.immanuelkant.com.ar\/cp\/wp-json\/wp\/v2\/users\/1"}],"replies":[{"embeddable":true,"href":"https:\/\/www.immanuelkant.com.ar\/cp\/wp-json\/wp\/v2\/comments?post=1811"}],"version-history":[{"count":10,"href":"https:\/\/www.immanuelkant.com.ar\/cp\/wp-json\/wp\/v2\/pages\/1811\/revisions"}],"predecessor-version":[{"id":2491,"href":"https:\/\/www.immanuelkant.com.ar\/cp\/wp-json\/wp\/v2\/pages\/1811\/revisions\/2491"}],"wp:attachment":[{"href":"https:\/\/www.immanuelkant.com.ar\/cp\/wp-json\/wp\/v2\/media?parent=1811"}],"curies":[{"name":"wp","href":"https:\/\/api.w.org\/{rel}","templated":true}]}}