{"id":1798,"date":"2022-11-30T10:07:33","date_gmt":"2022-11-30T13:07:33","guid":{"rendered":"http:\/\/www.immanuelkant.com.ar\/cp\/?page_id=1798"},"modified":"2023-01-03T00:22:18","modified_gmt":"2023-01-03T03:22:18","slug":"educacion-secundaria-orientada","status":"publish","type":"page","link":"https:\/\/www.immanuelkant.com.ar\/cp\/educacion-secundaria-orientada\/","title":{"rendered":"Educaci\u00f3n Secundaria Orientada"},"content":{"rendered":"<style>.wp-block-kadence-spacer.kt-block-spacer-_97afe2-91 .kt-block-spacer{height:45px;}.wp-block-kadence-spacer.kt-block-spacer-_97afe2-91 .kt-divider{border-top-width:1px;height:1px;border-top-color:#eee;width:80%;border-top-style:solid;}<\/style>\n<div class=\"wp-block-kadence-spacer aligncenter kt-block-spacer-_97afe2-91\"><div class=\"kt-block-spacer kt-block-spacer-halign-center\"><hr class=\"kt-divider\"\/><\/div><\/div>\n\n\n\n<p>Seg\u00fan lo establecido por la ley N\u00ba 26206 \u201cLey de Educaci\u00f3n Nacional\u201d, la Educaci\u00f3n Secundaria es obligatoria, y constituye una unidad pedag\u00f3gica y organizativa destinada a los adolescentes y j\u00f3venes que hayan cumplido con el nivel de Educaci\u00f3n Primaria.<\/p>\n\n\n\n<p>La Educaci\u00f3n Secundaria en todas sus modalidades y orientaciones tiene la finalidad de habilitar a los adolescentes y j\u00f3venes para el ejercicio pleno de la ciudadan\u00eda, para el trabajo y para la continuaci\u00f3n de estudios.<\/p>\n\n\n\n<p>La Educaci\u00f3n Secundaria se divide en dos ciclos: un Ciclo B\u00e1sico, de car\u00e1cter com\u00fan a todas las orientaciones y un Ciclo Orientado, de car\u00e1cter diversificado seg\u00fan distintas \u00e1reas del conocimiento, del mundo social y del trabajo.<\/p>\n\n\n\n<p>El Colegio Polivalente N\u00ba 2009 \u201cImmanuel Kant\u201d cuenta, para la Educaci\u00f3n Secundaria, con una oferta educativa compuesta por un Ciclo B\u00e1sico, de car\u00e1cter com\u00fan, de dos a\u00f1os de cursado, y un Ciclo Orientado de tres a\u00f1os de duraci\u00f3n con dos posibilidades de elecci\u00f3n para los alumnos: orientaci\u00f3n \u201cCiencias Naturales\u201d y orientaci\u00f3n \u201cLenguas\u201d.<\/p>\n\n\n\n<p>Dicha oferta se complementa con las modalidades de Educaci\u00f3n T\u00e9cnico \u2013 Profesional con orientaci\u00f3n en Producci\u00f3n Agropecuaria , y Educaci\u00f3n permanente de j\u00f3venes y adultos a trav\u00e9s del Bachiller en turno vespertino, para conformar una propuesta educativa de calidad, brindada por una seria organizaci\u00f3n acad\u00e9mica.<\/p>\n","protected":false},"excerpt":{"rendered":"<p>Seg\u00fan lo establecido por la ley N\u00ba 26206 \u201cLey de Educaci\u00f3n Nacional\u201d, la Educaci\u00f3n Secundaria es obligatoria, y constituye una unidad pedag\u00f3gica y organizativa destinada a los adolescentes y j\u00f3venes que hayan cumplido con el nivel de Educaci\u00f3n Primaria. La Educaci\u00f3n Secundaria en todas sus modalidades y orientaciones tiene la finalidad de habilitar a los&#8230;<\/p>\n","protected":false},"author":1,"featured_media":0,"parent":0,"menu_order":0,"comment_status":"closed","ping_status":"closed","template":"","meta":{"_kadence_starter_templates_imported_post":false,"_kad_post_transparent":"","_kad_post_title":"hide","_kad_post_layout":"","_kad_post_sidebar_id":"","_kad_post_content_style":"","_kad_post_vertical_padding":"","_kad_post_feature":"","_kad_post_feature_position":"","_kad_post_header":false,"_kad_post_footer":false,"footnotes":""},"class_list":["post-1798","page","type-page","status-publish","hentry"],"_links":{"self":[{"href":"https:\/\/www.immanuelkant.com.ar\/cp\/wp-json\/wp\/v2\/pages\/1798","targetHints":{"allow":["GET"]}}],"collection":[{"href":"https:\/\/www.immanuelkant.com.ar\/cp\/wp-json\/wp\/v2\/pages"}],"about":[{"href":"https:\/\/www.immanuelkant.com.ar\/cp\/wp-json\/wp\/v2\/types\/page"}],"author":[{"embeddable":true,"href":"https:\/\/www.immanuelkant.com.ar\/cp\/wp-json\/wp\/v2\/users\/1"}],"replies":[{"embeddable":true,"href":"https:\/\/www.immanuelkant.com.ar\/cp\/wp-json\/wp\/v2\/comments?post=1798"}],"version-history":[{"count":4,"href":"https:\/\/www.immanuelkant.com.ar\/cp\/wp-json\/wp\/v2\/pages\/1798\/revisions"}],"predecessor-version":[{"id":2243,"href":"https:\/\/www.immanuelkant.com.ar\/cp\/wp-json\/wp\/v2\/pages\/1798\/revisions\/2243"}],"wp:attachment":[{"href":"https:\/\/www.immanuelkant.com.ar\/cp\/wp-json\/wp\/v2\/media?parent=1798"}],"curies":[{"name":"wp","href":"https:\/\/api.w.org\/{rel}","templated":true}]}}